{"id":51868,"date":"2025-06-18T11:01:36","date_gmt":"2025-06-18T11:01:36","guid":{"rendered":"https:\/\/zl.jewelry\/product\/cross-solar-gift\/"},"modified":"2026-02-05T13:41:07","modified_gmt":"2026-02-05T13:41:07","slug":"cross-solar-gift","status":"publish","type":"product","link":"https:\/\/zl.jewelry\/uk\/product\/cross-solar-gift\/","title":{"rendered":"\u0425\u0440\u0435\u0441\u0442 &#8220;\u0421\u043e\u043d\u044f\u0447\u043d\u0438\u0439 \u0434\u0430\u0440&#8221;"},"content":{"rendered":"<p>\u0425\u0440\u0435\u0441\u0442 \u0443 \u043b\u0438\u043c\u043e\u043d\u043d\u043e\u043c\u0443 \u0437\u043e\u043b\u043e\u0442\u0456, \u0440\u043e\u0437\u043f&#8217;\u044f\u0442\u0442\u044f \u0432 \u0431\u0456\u043b\u043e\u043c\u0443 \u0437\u043e\u043b\u043e\u0442\u0456 \u0437\u0430\u0440\u043e\u0434\u0436\u0435\u043d\u0435, \u043f\u0440\u043e\u0431\u0430 \u0437\u043e\u043b\u043e\u0442\u0430 585*.\u00a0 \u041d\u0430\u0434 \u0406\u0441\u0443\u0441\u043e\u043c inri, \u043d\u0430 \u0432\u0443\u0441\u0456 \u0441\u0438\u043c\u0432\u043e\u043b.\u00a0 \u0417\u0456 \u0437\u0432\u043e\u0440\u043e\u0442\u043d\u043e\u0433\u043e \u0431\u043e\u043a\u0443 \u043c\u043e\u043b\u0438\u0442\u0432\u0430:<\/p>\n<p>&#8220;Gloria Patri, et Filio, et Spir\u00edtui Sancto,<br \/>\nsicut erat in princ\u00edpio et nunc et semper<br \/>\net in sa\u00e9cula saecul\u00f3rum. Amen.&#8221;<\/p>\n<p>\u0425\u0440\u0435\u0441\u0442 \u043f\u043e\u043a\u0440\u0438\u0442\u0438\u0439 \u0435\u043c\u0430\u043b\u043b\u044e. \u0412\u0438\u0441\u043e\u0442\u0430 \u0445\u0440\u0435\u0441\u0442\u0430 \u0431\u0435\u0437 \u0432\u0443\u0445\u0430 40 \u043c\u043c. \u0412\u0430\u0433\u0430 25.12 \u0433\u0440\u0430\u043c<\/p>\n<p>&nbsp;<\/p>\n","protected":false},"excerpt":{"rendered":"<p>\u0425\u0440\u0435\u0441\u0442 \u0443 \u043b\u0438\u043c\u043e\u043d\u043d\u043e\u043c\u0443 \u0437\u043e\u043b\u043e\u0442\u0456, \u0440\u043e\u0437\u043f&#8217;\u044f\u0442\u0442\u044f \u0432 \u0431\u0456\u043b\u043e\u043c\u0443 \u0437\u043e\u043b\u043e\u0442\u0456 \u0437\u0430\u0440\u043e\u0434\u0436\u0435\u043d\u0435, \u043f\u0440\u043e\u0431\u0430 \u0437\u043e\u043b\u043e\u0442\u0430 585*.\u00a0 \u041d\u0430\u0434 \u0406\u0441\u0443\u0441\u043e\u043c inri, \u043d\u0430 \u0432\u0443\u0441\u0456 \u0441\u0438\u043c\u0432\u043e\u043b.\u00a0 \u0417\u0456 \u0437\u0432\u043e\u0440\u043e\u0442\u043d\u043e\u0433\u043e \u0431\u043e\u043a\u0443 \u043c\u043e\u043b\u0438\u0442\u0432\u0430: &#8220;Gloria Patri, et Filio, et Spir\u00edtui Sancto, sicut erat in princ\u00edpio et nunc et semper et in sa\u00e9cula saecul\u00f3rum. Amen.&#8221; \u0425\u0440\u0435\u0441\u0442 \u043f\u043e\u043a\u0440\u0438\u0442\u0438\u0439 \u0435\u043c\u0430\u043b\u043b\u044e. \u0412\u0438\u0441\u043e\u0442\u0430 \u0445\u0440\u0435\u0441\u0442\u0430 \u0431\u0435\u0437 \u0432\u0443\u0445\u0430 40 \u043c\u043c. \u0412\u0430\u0433\u0430 25.12 \u0433\u0440\u0430\u043c &nbsp;<\/p>\n","protected":false},"featured_media":51871,"template":"","meta":{"_acf_changed":false},"product_brand":[],"product_cat":[629,632,635],"product_tag":[],"class_list":{"0":"post-51868","1":"product","2":"type-product","3":"status-publish","4":"has-post-thumbnail","6":"product_cat-golden-crosses-uk","7":"product_cat-exclusive-golden-handmade-crosses-uk","8":"product_cat-mens-crosses-uk","10":"first","11":"instock","12":"product-type-simple"},"acf":[],"_links":{"self":[{"href":"https:\/\/zl.jewelry\/uk\/wp-json\/wp\/v2\/product\/51868","targetHints":{"allow":["GET"]}}],"collection":[{"href":"https:\/\/zl.jewelry\/uk\/wp-json\/wp\/v2\/product"}],"about":[{"href":"https:\/\/zl.jewelry\/uk\/wp-json\/wp\/v2\/types\/product"}],"wp:featuredmedia":[{"embeddable":true,"href":"https:\/\/zl.jewelry\/uk\/wp-json\/wp\/v2\/media\/51871"}],"wp:attachment":[{"href":"https:\/\/zl.jewelry\/uk\/wp-json\/wp\/v2\/media?parent=51868"}],"wp:term":[{"taxonomy":"product_brand","embeddable":true,"href":"https:\/\/zl.jewelry\/uk\/wp-json\/wp\/v2\/product_brand?post=51868"},{"taxonomy":"product_cat","embeddable":true,"href":"https:\/\/zl.jewelry\/uk\/wp-json\/wp\/v2\/product_cat?post=51868"},{"taxonomy":"product_tag","embeddable":true,"href":"https:\/\/zl.jewelry\/uk\/wp-json\/wp\/v2\/product_tag?post=51868"}],"curies":[{"name":"wp","href":"https:\/\/api.w.org\/{rel}","templated":true}]}}