{"id":48199,"date":"2025-06-18T10:51:13","date_gmt":"2025-06-18T10:51:13","guid":{"rendered":"https:\/\/zl.jewelry\/product\/engagement-ring-heavenly-charm\/"},"modified":"2025-09-26T18:22:40","modified_gmt":"2025-09-26T18:22:40","slug":"engagement-ring-heavenly-charm","status":"publish","type":"product","link":"https:\/\/zl.jewelry\/pl\/product\/engagement-ring-heavenly-charm\/","title":{"rendered":"Pier\u015bcionek zar\u0119czynowy &#8222;Heavenly Charm&#8221;"},"content":{"rendered":"<p>Pier\u015bcionek z czerwonego z\u0142ota, rozmiar 16,5, mo\u017ce by\u0107 wykonany w dowolnym rozmiarze. Przy rozmiarze 16.5 waga 3.10. Kamienie to niebieski topaz 3.0&#215;3.0mm (17 sztuk) i 1.5mm (34 sztuki).<\/p>\n<p>_x000D_<\/p>\n","protected":false},"excerpt":{"rendered":"<p>Pier\u015bcionek z czerwonego z\u0142ota, rozmiar 16,5, mo\u017ce by\u0107 wykonany w dowolnym rozmiarze. Przy rozmiarze 16.5 waga 3.10. Kamienie to niebieski topaz 3.0&#215;3.0mm (17 sztuk) i 1.5mm (34 sztuki). _x000D_<\/p>\n","protected":false},"featured_media":48200,"template":"","meta":{"_acf_changed":false},"product_brand":[],"product_cat":[514,518,522],"product_tag":[],"class_list":{"0":"post-48199","1":"product","2":"type-product","3":"status-publish","4":"has-post-thumbnail","6":"product_cat-golden-rings-pl","7":"product_cat-red-gold-rings-pl","8":"product_cat-with-rocks-pl","10":"first","11":"instock","12":"product-type-simple"},"acf":[],"_links":{"self":[{"href":"https:\/\/zl.jewelry\/pl\/wp-json\/wp\/v2\/product\/48199","targetHints":{"allow":["GET"]}}],"collection":[{"href":"https:\/\/zl.jewelry\/pl\/wp-json\/wp\/v2\/product"}],"about":[{"href":"https:\/\/zl.jewelry\/pl\/wp-json\/wp\/v2\/types\/product"}],"wp:featuredmedia":[{"embeddable":true,"href":"https:\/\/zl.jewelry\/pl\/wp-json\/wp\/v2\/media\/48200"}],"wp:attachment":[{"href":"https:\/\/zl.jewelry\/pl\/wp-json\/wp\/v2\/media?parent=48199"}],"wp:term":[{"taxonomy":"product_brand","embeddable":true,"href":"https:\/\/zl.jewelry\/pl\/wp-json\/wp\/v2\/product_brand?post=48199"},{"taxonomy":"product_cat","embeddable":true,"href":"https:\/\/zl.jewelry\/pl\/wp-json\/wp\/v2\/product_cat?post=48199"},{"taxonomy":"product_tag","embeddable":true,"href":"https:\/\/zl.jewelry\/pl\/wp-json\/wp\/v2\/product_tag?post=48199"}],"curies":[{"name":"wp","href":"https:\/\/api.w.org\/{rel}","templated":true}]}}