{"id":48197,"date":"2025-06-18T10:51:13","date_gmt":"2025-06-18T10:51:13","guid":{"rendered":"https:\/\/zl.jewelry\/product\/engagement-ring-rosalind\/"},"modified":"2025-09-26T18:22:40","modified_gmt":"2025-09-26T18:22:40","slug":"engagement-ring-rosalind","status":"publish","type":"product","link":"https:\/\/zl.jewelry\/pl\/product\/engagement-ring-rosalind\/","title":{"rendered":"Pier\u015bcionek zar\u0119czynowy &#8222;Rosalind&#8221;"},"content":{"rendered":"<p>Pier\u015bcionek z bia\u0142ego z\u0142ota, waga 2,28 grama, szeroko\u015b\u0107 obr\u0105czki 3mm, rodowany, rozmiar obr\u0105czki 17,5, diamentowane wstawki, \u015brednica diamentu 4mm. Waga zostanie zmieniona w zale\u017cno\u015bci od rozmiaru.<\/p>\n<p>_x000D_<\/p>\n","protected":false},"excerpt":{"rendered":"<p>Pier\u015bcionek z bia\u0142ego z\u0142ota, waga 2,28 grama, szeroko\u015b\u0107 obr\u0105czki 3mm, rodowany, rozmiar obr\u0105czki 17,5, diamentowane wstawki, \u015brednica diamentu 4mm. Waga zostanie zmieniona w zale\u017cno\u015bci od rozmiaru. _x000D_<\/p>\n","protected":false},"featured_media":48198,"template":"","meta":{"_acf_changed":false},"product_brand":[],"product_cat":[523,524,527],"product_tag":[],"class_list":{"0":"post-48197","1":"product","2":"type-product","3":"status-publish","4":"has-post-thumbnail","6":"product_cat-engagement-rings-pl","7":"product_cat-engagement-rings-with-diamonds-pl","8":"product_cat-white-gold-engagement-rings-pl","10":"first","11":"instock","12":"product-type-simple"},"acf":[],"_links":{"self":[{"href":"https:\/\/zl.jewelry\/pl\/wp-json\/wp\/v2\/product\/48197","targetHints":{"allow":["GET"]}}],"collection":[{"href":"https:\/\/zl.jewelry\/pl\/wp-json\/wp\/v2\/product"}],"about":[{"href":"https:\/\/zl.jewelry\/pl\/wp-json\/wp\/v2\/types\/product"}],"wp:featuredmedia":[{"embeddable":true,"href":"https:\/\/zl.jewelry\/pl\/wp-json\/wp\/v2\/media\/48198"}],"wp:attachment":[{"href":"https:\/\/zl.jewelry\/pl\/wp-json\/wp\/v2\/media?parent=48197"}],"wp:term":[{"taxonomy":"product_brand","embeddable":true,"href":"https:\/\/zl.jewelry\/pl\/wp-json\/wp\/v2\/product_brand?post=48197"},{"taxonomy":"product_cat","embeddable":true,"href":"https:\/\/zl.jewelry\/pl\/wp-json\/wp\/v2\/product_cat?post=48197"},{"taxonomy":"product_tag","embeddable":true,"href":"https:\/\/zl.jewelry\/pl\/wp-json\/wp\/v2\/product_tag?post=48197"}],"curies":[{"name":"wp","href":"https:\/\/api.w.org\/{rel}","templated":true}]}}