{"id":48184,"date":"2025-06-18T10:51:18","date_gmt":"2025-06-18T10:51:18","guid":{"rendered":"https:\/\/zl.jewelry\/product\/combined-wedding-ring\/"},"modified":"2025-09-26T18:22:48","modified_gmt":"2025-09-26T18:22:48","slug":"combined-wedding-ring","status":"publish","type":"product","link":"https:\/\/zl.jewelry\/pl\/product\/combined-wedding-ring\/","title":{"rendered":"Obr\u0105czka kombinowana"},"content":{"rendered":"<p>Pier\u015bcionki zar\u0119czynowe z czerwonego, bia\u0142ego i cytrynowego z\u0142ota. Waga r&oacute;\u017cni si\u0119 w zale\u017cno\u015bci od rozmiaru. Szeroko\u015b\u0107 obr\u0105czek od 8mm. Obr\u0105czki posiadaj\u0105 bok z czerwonego z\u0142ota, podstaw\u0119 z bia\u0142ego z\u0142ota pokrytego rodem, r&oacute;wnie\u017c na podstawie znajduj\u0105 si\u0119 elementy z czarn\u0105 emali\u0105, bok z cytrynowego z\u0142ota. Obr\u0105czka m\u0119ska jest g\u0142adka, na obr\u0105czce damskiej wstawione s\u0105 kamienie o \u015brednicy 1,5mm (40szt), kamienie mog\u0105 by\u0107 osadzone dowolnie, na \u017cyczenie klienta..<\/p>\n<p>_x000D_<\/p>\n","protected":false},"excerpt":{"rendered":"<p>Pier\u015bcionki zar\u0119czynowe z czerwonego, bia\u0142ego i cytrynowego z\u0142ota. Waga r&oacute;\u017cni si\u0119 w zale\u017cno\u015bci od rozmiaru. Szeroko\u015b\u0107 obr\u0105czek od 8mm. Obr\u0105czki posiadaj\u0105 bok z czerwonego z\u0142ota, podstaw\u0119 z bia\u0142ego z\u0142ota pokrytego rodem, r&oacute;wnie\u017c na podstawie znajduj\u0105 si\u0119 elementy z czarn\u0105 emali\u0105, bok z cytrynowego z\u0142ota. Obr\u0105czka m\u0119ska jest g\u0142adka, na obr\u0105czce damskiej wstawione s\u0105 kamienie o&#8230;<\/p>\n","protected":false},"featured_media":48188,"template":"","meta":{"_acf_changed":false},"product_brand":[],"product_cat":[528,530,537,535],"product_tag":[],"class_list":{"0":"post-48184","1":"product","2":"type-product","3":"status-publish","4":"has-post-thumbnail","6":"product_cat-wedding-rings-pl","7":"product_cat-combined-wedding-rings-pl","8":"product_cat-with-rocks-4-pl","9":"product_cat-wedding-rings-with-diamonds-pl","11":"first","12":"instock","13":"product-type-simple"},"acf":[],"_links":{"self":[{"href":"https:\/\/zl.jewelry\/pl\/wp-json\/wp\/v2\/product\/48184","targetHints":{"allow":["GET"]}}],"collection":[{"href":"https:\/\/zl.jewelry\/pl\/wp-json\/wp\/v2\/product"}],"about":[{"href":"https:\/\/zl.jewelry\/pl\/wp-json\/wp\/v2\/types\/product"}],"wp:featuredmedia":[{"embeddable":true,"href":"https:\/\/zl.jewelry\/pl\/wp-json\/wp\/v2\/media\/48188"}],"wp:attachment":[{"href":"https:\/\/zl.jewelry\/pl\/wp-json\/wp\/v2\/media?parent=48184"}],"wp:term":[{"taxonomy":"product_brand","embeddable":true,"href":"https:\/\/zl.jewelry\/pl\/wp-json\/wp\/v2\/product_brand?post=48184"},{"taxonomy":"product_cat","embeddable":true,"href":"https:\/\/zl.jewelry\/pl\/wp-json\/wp\/v2\/product_cat?post=48184"},{"taxonomy":"product_tag","embeddable":true,"href":"https:\/\/zl.jewelry\/pl\/wp-json\/wp\/v2\/product_tag?post=48184"}],"curies":[{"name":"wp","href":"https:\/\/api.w.org\/{rel}","templated":true}]}}