{"id":48178,"date":"2025-06-18T10:51:18","date_gmt":"2025-06-18T10:51:18","guid":{"rendered":"https:\/\/zl.jewelry\/product\/wedding-ring-moon-path\/"},"modified":"2025-09-26T18:22:47","modified_gmt":"2025-09-26T18:22:47","slug":"wedding-ring-moon-path","status":"publish","type":"product","link":"https:\/\/zl.jewelry\/pl\/product\/wedding-ring-moon-path\/","title":{"rendered":"Obr\u0105czka &#8222;Moon Track&#8221;"},"content":{"rendered":"<p>Pier\u015bcionek zar\u0119czynowy z czerwonego z\u0142ota, z inkplstacj\u0105 z kamienia. Waga jest w stosunku do rozmiapl, ten model ma od 5,5 mm szeroko\u015bci. Zestaw z kamieniami 1,5 mm (32 szt.).<\/p>\n<p>_x000D_<\/p>\n","protected":false},"excerpt":{"rendered":"<p>Pier\u015bcionek zar\u0119czynowy z czerwonego z\u0142ota, z inkplstacj\u0105 z kamienia. Waga jest w stosunku do rozmiapl, ten model ma od 5,5 mm szeroko\u015bci. Zestaw z kamieniami 1,5 mm (32 szt.). _x000D_<\/p>\n","protected":false},"featured_media":48181,"template":"","meta":{"_acf_changed":false},"product_brand":[],"product_cat":[528,533,537,535],"product_tag":[],"class_list":{"0":"post-48178","1":"product","2":"type-product","3":"status-publish","4":"has-post-thumbnail","6":"product_cat-wedding-rings-pl","7":"product_cat-red-gold-wedding-rings-pl","8":"product_cat-with-rocks-4-pl","9":"product_cat-wedding-rings-with-diamonds-pl","11":"first","12":"instock","13":"product-type-simple"},"acf":[],"_links":{"self":[{"href":"https:\/\/zl.jewelry\/pl\/wp-json\/wp\/v2\/product\/48178","targetHints":{"allow":["GET"]}}],"collection":[{"href":"https:\/\/zl.jewelry\/pl\/wp-json\/wp\/v2\/product"}],"about":[{"href":"https:\/\/zl.jewelry\/pl\/wp-json\/wp\/v2\/types\/product"}],"wp:featuredmedia":[{"embeddable":true,"href":"https:\/\/zl.jewelry\/pl\/wp-json\/wp\/v2\/media\/48181"}],"wp:attachment":[{"href":"https:\/\/zl.jewelry\/pl\/wp-json\/wp\/v2\/media?parent=48178"}],"wp:term":[{"taxonomy":"product_brand","embeddable":true,"href":"https:\/\/zl.jewelry\/pl\/wp-json\/wp\/v2\/product_brand?post=48178"},{"taxonomy":"product_cat","embeddable":true,"href":"https:\/\/zl.jewelry\/pl\/wp-json\/wp\/v2\/product_cat?post=48178"},{"taxonomy":"product_tag","embeddable":true,"href":"https:\/\/zl.jewelry\/pl\/wp-json\/wp\/v2\/product_tag?post=48178"}],"curies":[{"name":"wp","href":"https:\/\/api.w.org\/{rel}","templated":true}]}}