{"id":48172,"date":"2025-06-18T10:51:18","date_gmt":"2025-06-18T10:51:18","guid":{"rendered":"https:\/\/zl.jewelry\/product\/wedding-ring-love-story\/"},"modified":"2025-09-26T18:22:47","modified_gmt":"2025-09-26T18:22:47","slug":"wedding-ring-love-story","status":"publish","type":"product","link":"https:\/\/zl.jewelry\/pl\/product\/wedding-ring-love-story\/","title":{"rendered":"Obr\u0105czka \u015blubna &#8222;Love Story&#8221;"},"content":{"rendered":"<p>Pier\u015bcionki zar\u0119czynowe w kolorze cytrynowego i bia\u0142ego z\u0142ota, podstawa w kolorze cytrynowym, boki w kolorze bia\u0142ym, rodowane. Obr\u0105czka m\u0119ska jest g\u0142adka, szeroko\u015b\u0107 obr\u0105czki m\u0119skiej wynosi 1 cm. Pier\u015bcionek damski to transformator, wstawka pier\u015bcionka jest w kolorze cytrynowego z\u0142ota, obudowa jest w kolorze bia\u0142ym, rodowana. Na damskiej obr\u0105czce wstawiony jest kamie\u0144 o \u015brednicy 4,2mm i masie 0,3ct. Kamienie mog\u0105 by\u0107 osadzone dowolnie, zgodnie z \u017cyczeniem klienta. Waga jest zgodna z rozmiarem.<\/p>\n<p>_x000D_<\/p>\n","protected":false},"excerpt":{"rendered":"<p>Pier\u015bcionki zar\u0119czynowe w kolorze cytrynowego i bia\u0142ego z\u0142ota, podstawa w kolorze cytrynowym, boki w kolorze bia\u0142ym, rodowane. Obr\u0105czka m\u0119ska jest g\u0142adka, szeroko\u015b\u0107 obr\u0105czki m\u0119skiej wynosi 1 cm. Pier\u015bcionek damski to transformator, wstawka pier\u015bcionka jest w kolorze cytrynowego z\u0142ota, obudowa jest w kolorze bia\u0142ym, rodowana. Na damskiej obr\u0105czce wstawiony jest kamie\u0144 o \u015brednicy 4,2mm i masie&#8230;<\/p>\n","protected":false},"featured_media":48173,"template":"","meta":{"_acf_changed":false},"product_brand":[],"product_cat":[528,530,537,535,531,534],"product_tag":[],"class_list":{"0":"post-48172","1":"product","2":"type-product","3":"status-publish","4":"has-post-thumbnail","6":"product_cat-wedding-rings-pl","7":"product_cat-combined-wedding-rings-pl","8":"product_cat-with-rocks-4-pl","9":"product_cat-wedding-rings-with-diamonds-pl","10":"product_cat-elite-wedding-rings-pl","11":"product_cat-transformer-pl","13":"first","14":"instock","15":"product-type-simple"},"acf":[],"_links":{"self":[{"href":"https:\/\/zl.jewelry\/pl\/wp-json\/wp\/v2\/product\/48172","targetHints":{"allow":["GET"]}}],"collection":[{"href":"https:\/\/zl.jewelry\/pl\/wp-json\/wp\/v2\/product"}],"about":[{"href":"https:\/\/zl.jewelry\/pl\/wp-json\/wp\/v2\/types\/product"}],"wp:featuredmedia":[{"embeddable":true,"href":"https:\/\/zl.jewelry\/pl\/wp-json\/wp\/v2\/media\/48173"}],"wp:attachment":[{"href":"https:\/\/zl.jewelry\/pl\/wp-json\/wp\/v2\/media?parent=48172"}],"wp:term":[{"taxonomy":"product_brand","embeddable":true,"href":"https:\/\/zl.jewelry\/pl\/wp-json\/wp\/v2\/product_brand?post=48172"},{"taxonomy":"product_cat","embeddable":true,"href":"https:\/\/zl.jewelry\/pl\/wp-json\/wp\/v2\/product_cat?post=48172"},{"taxonomy":"product_tag","embeddable":true,"href":"https:\/\/zl.jewelry\/pl\/wp-json\/wp\/v2\/product_tag?post=48172"}],"curies":[{"name":"wp","href":"https:\/\/api.w.org\/{rel}","templated":true}]}}