{"id":48164,"date":"2025-06-18T10:51:18","date_gmt":"2025-06-18T10:51:18","guid":{"rendered":"https:\/\/zl.jewelry\/product\/cross-on-a-wooden-base-with-faces-of-saints\/"},"modified":"2025-09-26T18:22:46","modified_gmt":"2025-09-26T18:22:46","slug":"cross-on-a-wooden-base-with-faces-of-saints","status":"publish","type":"product","link":"https:\/\/zl.jewelry\/pl\/product\/cross-on-a-wooden-base-with-faces-of-saints\/","title":{"rendered":"Krzy\u017c na drewnianej podstawie z twarzami \u015bwi\u0119tych"},"content":{"rendered":"","protected":false},"excerpt":{"rendered":"","protected":false},"featured_media":36045,"template":"","meta":{"_acf_changed":false},"product_brand":[],"product_cat":[507,511,510,504],"product_tag":[],"class_list":{"0":"post-48164","1":"product","2":"type-product","3":"status-publish","4":"has-post-thumbnail","6":"product_cat-exclusive-golden-handmade-crosses-pl","7":"product_cat-on-an-ebony-tree-2-pl","8":"product_cat-mens-crosses-pl","9":"product_cat-golden-crosses-pl","11":"first","12":"instock","13":"product-type-simple"},"acf":[],"_links":{"self":[{"href":"https:\/\/zl.jewelry\/pl\/wp-json\/wp\/v2\/product\/48164","targetHints":{"allow":["GET"]}}],"collection":[{"href":"https:\/\/zl.jewelry\/pl\/wp-json\/wp\/v2\/product"}],"about":[{"href":"https:\/\/zl.jewelry\/pl\/wp-json\/wp\/v2\/types\/product"}],"wp:featuredmedia":[{"embeddable":true,"href":"https:\/\/zl.jewelry\/pl\/wp-json\/wp\/v2\/media\/36045"}],"wp:attachment":[{"href":"https:\/\/zl.jewelry\/pl\/wp-json\/wp\/v2\/media?parent=48164"}],"wp:term":[{"taxonomy":"product_brand","embeddable":true,"href":"https:\/\/zl.jewelry\/pl\/wp-json\/wp\/v2\/product_brand?post=48164"},{"taxonomy":"product_cat","embeddable":true,"href":"https:\/\/zl.jewelry\/pl\/wp-json\/wp\/v2\/product_cat?post=48164"},{"taxonomy":"product_tag","embeddable":true,"href":"https:\/\/zl.jewelry\/pl\/wp-json\/wp\/v2\/product_tag?post=48164"}],"curies":[{"name":"wp","href":"https:\/\/api.w.org\/{rel}","templated":true}]}}