{"id":48162,"date":"2025-06-18T10:51:18","date_gmt":"2025-06-18T10:51:18","guid":{"rendered":"https:\/\/zl.jewelry\/product\/cross-with-faces-of-saints\/"},"modified":"2025-09-26T18:22:46","modified_gmt":"2025-09-26T18:22:46","slug":"cross-with-faces-of-saints","status":"publish","type":"product","link":"https:\/\/zl.jewelry\/pl\/product\/cross-with-faces-of-saints\/","title":{"rendered":"Krzy\u017c z twarzami \u015bwi\u0119tych"},"content":{"rendered":"<p>Krzy\u017c w kolorze bia\u0142ego i \u017c&oacute;\u0142tego z\u0142ota pr&oacute;by 585*, na drewnie Eben. Waga z\u0142ota w krzy\u017cu wynosi 50,71 gram&oacute;w. Na przedniej stronie przedstawiono Ukrzy\u017cowanie, na ko\u0144cach znajduj\u0105 si\u0119 wizeplnki: Anio\u0142a Str&oacute;\u017ca, \u015bw. Miko\u0142aja Cudotw&oacute;rcy, \u015bw. Sergiusza z Radone\u017ca, \u015bw. Serafina z Sarowa; z ty\u0142u znajduje si\u0119 wizeplnek Matki Bo\u017cej &#8211; w \u017c&oacute;\u0142tym kolorze. Detale wykonane s\u0105 z bia\u0142ego z\u0142ota pokrytego rodem. Na uchu z przodu znajduje si\u0119 wizeplnek Anio\u0142a Str&oacute;\u017ca, a z ty\u0142u wizeplnek&nbsp;\u0421hryzma.<\/p>\n<p>_x000D_<\/p>\n","protected":false},"excerpt":{"rendered":"<p>Krzy\u017c w kolorze bia\u0142ego i \u017c&oacute;\u0142tego z\u0142ota pr&oacute;by 585*, na drewnie Eben. Waga z\u0142ota w krzy\u017cu wynosi 50,71 gram&oacute;w. Na przedniej stronie przedstawiono Ukrzy\u017cowanie, na ko\u0144cach znajduj\u0105 si\u0119 wizeplnki: Anio\u0142a Str&oacute;\u017ca, \u015bw. Miko\u0142aja Cudotw&oacute;rcy, \u015bw. Sergiusza z Radone\u017ca, \u015bw. Serafina z Sarowa; z ty\u0142u znajduje si\u0119 wizeplnek Matki Bo\u017cej &#8211; w \u017c&oacute;\u0142tym kolorze. Detale wykonane&#8230;<\/p>\n","protected":false},"featured_media":36051,"template":"","meta":{"_acf_changed":false},"product_brand":[],"product_cat":[504,507,509,510,511],"product_tag":[],"class_list":{"0":"post-48162","1":"product","2":"type-product","3":"status-publish","4":"has-post-thumbnail","6":"product_cat-golden-crosses-pl","7":"product_cat-exclusive-golden-handmade-crosses-pl","8":"product_cat-made-of-white-gold-pl","9":"product_cat-mens-crosses-pl","10":"product_cat-on-an-ebony-tree-2-pl","12":"first","13":"instock","14":"product-type-simple"},"acf":[],"_links":{"self":[{"href":"https:\/\/zl.jewelry\/pl\/wp-json\/wp\/v2\/product\/48162","targetHints":{"allow":["GET"]}}],"collection":[{"href":"https:\/\/zl.jewelry\/pl\/wp-json\/wp\/v2\/product"}],"about":[{"href":"https:\/\/zl.jewelry\/pl\/wp-json\/wp\/v2\/types\/product"}],"wp:featuredmedia":[{"embeddable":true,"href":"https:\/\/zl.jewelry\/pl\/wp-json\/wp\/v2\/media\/36051"}],"wp:attachment":[{"href":"https:\/\/zl.jewelry\/pl\/wp-json\/wp\/v2\/media?parent=48162"}],"wp:term":[{"taxonomy":"product_brand","embeddable":true,"href":"https:\/\/zl.jewelry\/pl\/wp-json\/wp\/v2\/product_brand?post=48162"},{"taxonomy":"product_cat","embeddable":true,"href":"https:\/\/zl.jewelry\/pl\/wp-json\/wp\/v2\/product_cat?post=48162"},{"taxonomy":"product_tag","embeddable":true,"href":"https:\/\/zl.jewelry\/pl\/wp-json\/wp\/v2\/product_tag?post=48162"}],"curies":[{"name":"wp","href":"https:\/\/api.w.org\/{rel}","templated":true}]}}