{"id":48158,"date":"2025-06-18T10:51:18","date_gmt":"2025-06-18T10:51:18","guid":{"rendered":"https:\/\/zl.jewelry\/product\/ring-satellite-in-red-gold\/"},"modified":"2025-09-26T18:22:45","modified_gmt":"2025-09-26T18:22:45","slug":"ring-satellite-in-red-gold","status":"publish","type":"product","link":"https:\/\/zl.jewelry\/pl\/product\/ring-satellite-in-red-gold\/","title":{"rendered":"Pier\u015bcie\u0144 &#8222;Satelita&#8221; z czerwonego z\u0142ota"},"content":{"rendered":"","protected":false},"excerpt":{"rendered":"","protected":false},"featured_media":48159,"template":"","meta":{"_acf_changed":false},"product_brand":[],"product_cat":[517,588],"product_tag":[],"class_list":{"0":"post-48158","1":"product","2":"type-product","3":"status-publish","4":"has-post-thumbnail","6":"product_cat-mens-rings-and-seals-pl","7":"product_cat-smooth-rings-pl","9":"first","10":"instock","11":"product-type-simple"},"acf":[],"_links":{"self":[{"href":"https:\/\/zl.jewelry\/pl\/wp-json\/wp\/v2\/product\/48158","targetHints":{"allow":["GET"]}}],"collection":[{"href":"https:\/\/zl.jewelry\/pl\/wp-json\/wp\/v2\/product"}],"about":[{"href":"https:\/\/zl.jewelry\/pl\/wp-json\/wp\/v2\/types\/product"}],"wp:featuredmedia":[{"embeddable":true,"href":"https:\/\/zl.jewelry\/pl\/wp-json\/wp\/v2\/media\/48159"}],"wp:attachment":[{"href":"https:\/\/zl.jewelry\/pl\/wp-json\/wp\/v2\/media?parent=48158"}],"wp:term":[{"taxonomy":"product_brand","embeddable":true,"href":"https:\/\/zl.jewelry\/pl\/wp-json\/wp\/v2\/product_brand?post=48158"},{"taxonomy":"product_cat","embeddable":true,"href":"https:\/\/zl.jewelry\/pl\/wp-json\/wp\/v2\/product_cat?post=48158"},{"taxonomy":"product_tag","embeddable":true,"href":"https:\/\/zl.jewelry\/pl\/wp-json\/wp\/v2\/product_tag?post=48158"}],"curies":[{"name":"wp","href":"https:\/\/api.w.org\/{rel}","templated":true}]}}