{"id":48154,"date":"2025-06-18T10:51:18","date_gmt":"2025-06-18T10:51:18","guid":{"rendered":"https:\/\/zl.jewelry\/product\/bracelet-lion-on-a-rope\/"},"modified":"2025-09-26T18:22:45","modified_gmt":"2025-09-26T18:22:45","slug":"bracelet-lion-on-a-rope","status":"publish","type":"product","link":"https:\/\/zl.jewelry\/pl\/product\/bracelet-lion-on-a-rope\/","title":{"rendered":"Bransoletka &#8222;Lew&#8221; na linie"},"content":{"rendered":"<p>Bransoletka z czerwonego z\u0142ota pr\u00f3by 585* na sznurku. \u015arednica sznura 6mm w 2 rz\u0119dach. Centralna wstawka z twarz\u0105 lwa, a po bokach i na zamku imienne wzory. Wstawki pokryte s\u0105 czarn\u0105 emali\u0105.waga z\u0142ota w bransoletce 44,40 g, rozmiar 18 cm.<\/p>\n","protected":false},"excerpt":{"rendered":"<p>Bransoletka z czerwonego z\u0142ota pr\u00f3by 585* na sznurku. \u015arednica sznura 6mm w 2 rz\u0119dach. Centralna wstawka z twarz\u0105 lwa, a po bokach i na zamku imienne wzory. Wstawki pokryte s\u0105 czarn\u0105 emali\u0105.waga z\u0142ota w bransoletce 44,40 g, rozmiar 18 cm.<\/p>\n","protected":false},"featured_media":48155,"template":"","meta":{"_acf_changed":false},"product_brand":[],"product_cat":[557,559,562],"product_tag":[],"class_list":{"0":"post-48154","1":"product","2":"type-product","3":"status-publish","4":"has-post-thumbnail","6":"product_cat-bracelets-pl","7":"product_cat-gold-bracelets-from-30-gr-pl","8":"product_cat-silk-bracelets-with-gold-inserts-pl","10":"first","11":"instock","12":"product-type-simple"},"acf":[],"_links":{"self":[{"href":"https:\/\/zl.jewelry\/pl\/wp-json\/wp\/v2\/product\/48154","targetHints":{"allow":["GET"]}}],"collection":[{"href":"https:\/\/zl.jewelry\/pl\/wp-json\/wp\/v2\/product"}],"about":[{"href":"https:\/\/zl.jewelry\/pl\/wp-json\/wp\/v2\/types\/product"}],"wp:featuredmedia":[{"embeddable":true,"href":"https:\/\/zl.jewelry\/pl\/wp-json\/wp\/v2\/media\/48155"}],"wp:attachment":[{"href":"https:\/\/zl.jewelry\/pl\/wp-json\/wp\/v2\/media?parent=48154"}],"wp:term":[{"taxonomy":"product_brand","embeddable":true,"href":"https:\/\/zl.jewelry\/pl\/wp-json\/wp\/v2\/product_brand?post=48154"},{"taxonomy":"product_cat","embeddable":true,"href":"https:\/\/zl.jewelry\/pl\/wp-json\/wp\/v2\/product_cat?post=48154"},{"taxonomy":"product_tag","embeddable":true,"href":"https:\/\/zl.jewelry\/pl\/wp-json\/wp\/v2\/product_tag?post=48154"}],"curies":[{"name":"wp","href":"https:\/\/api.w.org\/{rel}","templated":true}]}}