{"id":48146,"date":"2025-06-18T10:51:25","date_gmt":"2025-06-18T10:51:25","guid":{"rendered":"https:\/\/zl.jewelry\/product\/pendant-with-the-face-of-archangel-michael\/"},"modified":"2025-09-26T18:22:53","modified_gmt":"2025-09-26T18:22:53","slug":"pendant-with-the-face-of-archangel-michael","status":"publish","type":"product","link":"https:\/\/zl.jewelry\/pl\/product\/pendant-with-the-face-of-archangel-michael\/","title":{"rendered":"Wisiorek z twarz\u0105 Archanio\u0142a Micha\u0142a"},"content":{"rendered":"","protected":false},"excerpt":{"rendered":"","protected":false},"featured_media":60028,"template":"","meta":{"_acf_changed":false},"product_brand":[],"product_cat":[563,566,567,570,500,502,503],"product_tag":[],"class_list":{"0":"post-48146","1":"product","2":"type-product","3":"status-publish","4":"has-post-thumbnail","6":"product_cat-gold-pendants-pl","7":"product_cat-with-cubic-zirconia-2-pl","8":"product_cat-with-diamonds-2-pl","9":"product_cat-with-rocks-2-pl","10":"product_cat-golden-icons-pl","11":"product_cat-on-an-ebony-tree-pl","12":"product_cat-with-stones-pl","14":"first","15":"instock","16":"product-type-simple"},"acf":[],"_links":{"self":[{"href":"https:\/\/zl.jewelry\/pl\/wp-json\/wp\/v2\/product\/48146","targetHints":{"allow":["GET"]}}],"collection":[{"href":"https:\/\/zl.jewelry\/pl\/wp-json\/wp\/v2\/product"}],"about":[{"href":"https:\/\/zl.jewelry\/pl\/wp-json\/wp\/v2\/types\/product"}],"wp:featuredmedia":[{"embeddable":true,"href":"https:\/\/zl.jewelry\/pl\/wp-json\/wp\/v2\/media\/60028"}],"wp:attachment":[{"href":"https:\/\/zl.jewelry\/pl\/wp-json\/wp\/v2\/media?parent=48146"}],"wp:term":[{"taxonomy":"product_brand","embeddable":true,"href":"https:\/\/zl.jewelry\/pl\/wp-json\/wp\/v2\/product_brand?post=48146"},{"taxonomy":"product_cat","embeddable":true,"href":"https:\/\/zl.jewelry\/pl\/wp-json\/wp\/v2\/product_cat?post=48146"},{"taxonomy":"product_tag","embeddable":true,"href":"https:\/\/zl.jewelry\/pl\/wp-json\/wp\/v2\/product_tag?post=48146"}],"curies":[{"name":"wp","href":"https:\/\/api.w.org\/{rel}","templated":true}]}}