{"id":48142,"date":"2025-06-18T10:51:25","date_gmt":"2025-06-18T10:51:25","guid":{"rendered":"https:\/\/zl.jewelry\/product\/armor-chain\/"},"modified":"2025-09-26T18:22:53","modified_gmt":"2025-09-26T18:22:53","slug":"armor-chain","status":"publish","type":"product","link":"https:\/\/zl.jewelry\/pl\/product\/armor-chain\/","title":{"rendered":"\u0141a\u0144cuch &#8222;\u0420ancerny&#8221;"},"content":{"rendered":"<p>\u0141a\u0144cuszek wa\u017cy 164,83 grama przy d\u0142ugo\u015bci 62 cm. D\u0142ugo\u015b\u0107 wstawek 3,4 cm.&nbsp;Jedna wstawka Ojcze Nasz po polsku, dplga inna modlitwa(Aniele Bo\u017cy, Str&oacute;\u017cu m&oacute;j). Anio\u0142 na&nbsp;zamku (sze\u015bcioskrzyd\u0142y anio\u0142). 2 wk\u0142adki z&nbsp;kamieniami, na&nbsp;beczkach rozsypane brylanty, \u015brednica 1,75 &#8211; 408 sztuk, o&nbsp;wadze 1,82 ct..<\/p>\n<p>_x000D_<\/p>\n","protected":false},"excerpt":{"rendered":"<p>\u0141a\u0144cuszek wa\u017cy 164,83 grama przy d\u0142ugo\u015bci 62 cm. D\u0142ugo\u015b\u0107 wstawek 3,4 cm.&nbsp;Jedna wstawka Ojcze Nasz po polsku, dplga inna modlitwa(Aniele Bo\u017cy, Str&oacute;\u017cu m&oacute;j). Anio\u0142 na&nbsp;zamku (sze\u015bcioskrzyd\u0142y anio\u0142). 2 wk\u0142adki z&nbsp;kamieniami, na&nbsp;beczkach rozsypane brylanty, \u015brednica 1,75 &#8211; 408 sztuk, o&nbsp;wadze 1,82 ct.. _x000D_<\/p>\n","protected":false},"featured_media":48143,"template":"","meta":{"_acf_changed":false},"product_brand":[],"product_cat":[490,492,493],"product_tag":[],"class_list":{"0":"post-48142","1":"product","2":"type-product","3":"status-publish","4":"has-post-thumbnail","6":"product_cat-gold-chains","7":"product_cat-gold-chain-from-50-gr-pl","8":"product_cat-mens-chains-pl","10":"first","11":"instock","12":"product-type-simple"},"acf":[],"_links":{"self":[{"href":"https:\/\/zl.jewelry\/pl\/wp-json\/wp\/v2\/product\/48142","targetHints":{"allow":["GET"]}}],"collection":[{"href":"https:\/\/zl.jewelry\/pl\/wp-json\/wp\/v2\/product"}],"about":[{"href":"https:\/\/zl.jewelry\/pl\/wp-json\/wp\/v2\/types\/product"}],"wp:featuredmedia":[{"embeddable":true,"href":"https:\/\/zl.jewelry\/pl\/wp-json\/wp\/v2\/media\/48143"}],"wp:attachment":[{"href":"https:\/\/zl.jewelry\/pl\/wp-json\/wp\/v2\/media?parent=48142"}],"wp:term":[{"taxonomy":"product_brand","embeddable":true,"href":"https:\/\/zl.jewelry\/pl\/wp-json\/wp\/v2\/product_brand?post=48142"},{"taxonomy":"product_cat","embeddable":true,"href":"https:\/\/zl.jewelry\/pl\/wp-json\/wp\/v2\/product_cat?post=48142"},{"taxonomy":"product_tag","embeddable":true,"href":"https:\/\/zl.jewelry\/pl\/wp-json\/wp\/v2\/product_tag?post=48142"}],"curies":[{"name":"wp","href":"https:\/\/api.w.org\/{rel}","templated":true}]}}