{"id":48080,"date":"2025-06-18T10:51:30","date_gmt":"2025-06-18T10:51:30","guid":{"rendered":"https:\/\/zl.jewelry\/product\/ring-turtle\/"},"modified":"2025-09-26T18:22:56","modified_gmt":"2025-09-26T18:22:56","slug":"ring-turtle","status":"publish","type":"product","link":"https:\/\/zl.jewelry\/pl\/product\/ring-turtle\/","title":{"rendered":"Pier\u015bcionek &#8222;\u017b\u00f3\u0142w&#8221;"},"content":{"rendered":"<p>Pier\u015bcionek z czerwonego z\u0142ota pr&oacute;by 585*. Przy rozmiarze palca 18 waga z\u0142ota wynosi 15,06 grama. Skoplpa otwierana, wewn\u0105trz znajduje si\u0119 ma\u0142y \u017c&oacute;\u0142wik, kt&oacute;ry nie jest&nbsp;wyjmowany. Wymiary&nbsp; palca od g\u0142owy do ogona 26,50 mm. Nogi, ogon i g\u0142owa s\u0105 plchome. Kamienie szmaragdu to 1mm &#8211; 105 sztuk, 1,5mm &#8211; 2 sztuki, 1,25mm &#8211; 6 sztuk. Muszla pokryta jest ciemnobr\u0105zow\u0105 emali\u0105.&nbsp;<\/p>\n<p>_x000D_<\/p>\n","protected":false},"excerpt":{"rendered":"<p>Pier\u015bcionek z czerwonego z\u0142ota pr&oacute;by 585*. Przy rozmiarze palca 18 waga z\u0142ota wynosi 15,06 grama. Skoplpa otwierana, wewn\u0105trz znajduje si\u0119 ma\u0142y \u017c&oacute;\u0142wik, kt&oacute;ry nie jest&nbsp;wyjmowany. Wymiary&nbsp; palca od g\u0142owy do ogona 26,50 mm. Nogi, ogon i g\u0142owa s\u0105 plchome. Kamienie szmaragdu to 1mm &#8211; 105 sztuk, 1,5mm &#8211; 2 sztuki, 1,25mm &#8211; 6 sztuk. Muszla&#8230;<\/p>\n","protected":false},"featured_media":48081,"template":"","meta":{"_acf_changed":false},"product_brand":[],"product_cat":[514,516,518,522],"product_tag":[],"class_list":{"0":"post-48080","1":"product","2":"type-product","3":"status-publish","4":"has-post-thumbnail","6":"product_cat-golden-rings-pl","7":"product_cat-massive-pl","8":"product_cat-red-gold-rings-pl","9":"product_cat-with-rocks-pl","11":"first","12":"instock","13":"product-type-simple"},"acf":[],"_links":{"self":[{"href":"https:\/\/zl.jewelry\/pl\/wp-json\/wp\/v2\/product\/48080","targetHints":{"allow":["GET"]}}],"collection":[{"href":"https:\/\/zl.jewelry\/pl\/wp-json\/wp\/v2\/product"}],"about":[{"href":"https:\/\/zl.jewelry\/pl\/wp-json\/wp\/v2\/types\/product"}],"wp:featuredmedia":[{"embeddable":true,"href":"https:\/\/zl.jewelry\/pl\/wp-json\/wp\/v2\/media\/48081"}],"wp:attachment":[{"href":"https:\/\/zl.jewelry\/pl\/wp-json\/wp\/v2\/media?parent=48080"}],"wp:term":[{"taxonomy":"product_brand","embeddable":true,"href":"https:\/\/zl.jewelry\/pl\/wp-json\/wp\/v2\/product_brand?post=48080"},{"taxonomy":"product_cat","embeddable":true,"href":"https:\/\/zl.jewelry\/pl\/wp-json\/wp\/v2\/product_cat?post=48080"},{"taxonomy":"product_tag","embeddable":true,"href":"https:\/\/zl.jewelry\/pl\/wp-json\/wp\/v2\/product_tag?post=48080"}],"curies":[{"name":"wp","href":"https:\/\/api.w.org\/{rel}","templated":true}]}}