{"id":48078,"date":"2025-06-18T10:51:30","date_gmt":"2025-06-18T10:51:30","guid":{"rendered":"https:\/\/zl.jewelry\/product\/bracelet-yevgenii\/"},"modified":"2025-09-26T18:22:55","modified_gmt":"2025-09-26T18:22:55","slug":"bracelet-yevgenii","status":"publish","type":"product","link":"https:\/\/zl.jewelry\/pl\/product\/bracelet-yevgenii\/","title":{"rendered":"Bransoletka &#8222;YEVGENII&#8221;"},"content":{"rendered":"<p>Bransoletka na sk\u00f3rze, szeroko\u015b\u0107 sk\u00f3ry 1cm, w kolorze czerwonego z\u0142ota. Centralna wstawka to nazwa YEVGENII&nbsp; \u015bcis\u0142a czcionka pod emali\u0105, a na odwrocie graweplnek ci\u0119\u017car\u00f3wki. Boczne wstawki w pobli\u017cu \u015brodkowej wstawki s\u0105 puste. Po prawej stronie znajduje si\u0119 dodatkowa wstawka z liter\u0105 &quot;A&quot;, a na odwrocie graweplnek lwa, na dplgiej wstawce znajduje si\u0119 litera &quot;V&quot;, a na odwrocie graweplnek bli\u017aniaka.Wk\u0142adki z literami pod czarn\u0105 emali\u0105. Waga z\u0142ota w bransoletce 33,10 grama, rozmiar bransoletki 19. Wz\u00f3r mo\u017cna modyfikowa\u0107.&nbsp;<\/p>\n","protected":false},"excerpt":{"rendered":"<p>Bransoletka na sk\u00f3rze, szeroko\u015b\u0107 sk\u00f3ry 1cm, w kolorze czerwonego z\u0142ota. Centralna wstawka to nazwa YEVGENII&nbsp; \u015bcis\u0142a czcionka pod emali\u0105, a na odwrocie graweplnek ci\u0119\u017car\u00f3wki. Boczne wstawki w pobli\u017cu \u015brodkowej wstawki s\u0105 puste. Po prawej stronie znajduje si\u0119 dodatkowa wstawka z liter\u0105 &quot;A&quot;, a na odwrocie graweplnek lwa, na dplgiej wstawce znajduje si\u0119 litera &quot;V&quot;, a&#8230;<\/p>\n","protected":false},"featured_media":48079,"template":"","meta":{"_acf_changed":false},"product_brand":[],"product_cat":[557,559,561],"product_tag":[],"class_list":{"0":"post-48078","1":"product","2":"type-product","3":"status-publish","4":"has-post-thumbnail","6":"product_cat-bracelets-pl","7":"product_cat-gold-bracelets-from-30-gr-pl","8":"product_cat-leather-bracelets-with-gold-inserts-pl","10":"first","11":"instock","12":"product-type-simple"},"acf":[],"_links":{"self":[{"href":"https:\/\/zl.jewelry\/pl\/wp-json\/wp\/v2\/product\/48078","targetHints":{"allow":["GET"]}}],"collection":[{"href":"https:\/\/zl.jewelry\/pl\/wp-json\/wp\/v2\/product"}],"about":[{"href":"https:\/\/zl.jewelry\/pl\/wp-json\/wp\/v2\/types\/product"}],"wp:featuredmedia":[{"embeddable":true,"href":"https:\/\/zl.jewelry\/pl\/wp-json\/wp\/v2\/media\/48079"}],"wp:attachment":[{"href":"https:\/\/zl.jewelry\/pl\/wp-json\/wp\/v2\/media?parent=48078"}],"wp:term":[{"taxonomy":"product_brand","embeddable":true,"href":"https:\/\/zl.jewelry\/pl\/wp-json\/wp\/v2\/product_brand?post=48078"},{"taxonomy":"product_cat","embeddable":true,"href":"https:\/\/zl.jewelry\/pl\/wp-json\/wp\/v2\/product_cat?post=48078"},{"taxonomy":"product_tag","embeddable":true,"href":"https:\/\/zl.jewelry\/pl\/wp-json\/wp\/v2\/product_tag?post=48078"}],"curies":[{"name":"wp","href":"https:\/\/api.w.org\/{rel}","templated":true}]}}