{"id":48072,"date":"2025-06-18T10:51:30","date_gmt":"2025-06-18T10:51:30","guid":{"rendered":"https:\/\/zl.jewelry\/product\/sun-and-moon-earrings\/"},"modified":"2025-09-26T18:22:55","modified_gmt":"2025-09-26T18:22:55","slug":"sun-and-moon-earrings","status":"publish","type":"product","link":"https:\/\/zl.jewelry\/pl\/product\/sun-and-moon-earrings\/","title":{"rendered":"Kolczyki &#8222;S\u0142o\u0144ce i Ksi\u0119\u017cyc&#8221;"},"content":{"rendered":"<p>Kolczyki z cytrynowego i bia\u0142ego z\u0142ota pr&oacute;by 585*, waga z\u0142ota w parze od 19 gram&oacute;w.&nbsp; Na kolczykach wizeplnek s\u0142o\u0144ca i miesi\u0105ca z gwiazdami. Miesi\u0105c z gwiazdami i s\u0142o\u0144ce w cytrynowym z\u0142ocie, podstawa w bia\u0142ym z\u0142ocie. Kolczyki z miesi\u0105cem i gwiazdami z czarn\u0105 emali\u0105. Ca\u0142kowita d\u0142ugo\u015b\u0107 kolczyk&oacute;w 55 mm. Bia\u0142e z\u0142oto rodowane.<\/p>\n<p>_x000D_<\/p>\n","protected":false},"excerpt":{"rendered":"<p>Kolczyki z cytrynowego i bia\u0142ego z\u0142ota pr&oacute;by 585*, waga z\u0142ota w parze od 19 gram&oacute;w.&nbsp; Na kolczykach wizeplnek s\u0142o\u0144ca i miesi\u0105ca z gwiazdami. Miesi\u0105c z gwiazdami i s\u0142o\u0144ce w cytrynowym z\u0142ocie, podstawa w bia\u0142ym z\u0142ocie. Kolczyki z miesi\u0105cem i gwiazdami z czarn\u0105 emali\u0105. Ca\u0142kowita d\u0142ugo\u015b\u0107 kolczyk&oacute;w 55 mm. Bia\u0142e z\u0142oto rodowane. _x000D_<\/p>\n","protected":false},"featured_media":48073,"template":"","meta":{"_acf_changed":false},"product_brand":[],"product_cat":[538,542,544,547],"product_tag":[],"class_list":{"0":"post-48072","1":"product","2":"type-product","3":"status-publish","4":"has-post-thumbnail","6":"product_cat-gold-earrings-pl","7":"product_cat-drop-earrings-pl","8":"product_cat-earrings-from-5gr-pl","9":"product_cat-earrings-without-inserts-pl","11":"first","12":"instock","13":"product-type-simple"},"acf":[],"_links":{"self":[{"href":"https:\/\/zl.jewelry\/pl\/wp-json\/wp\/v2\/product\/48072","targetHints":{"allow":["GET"]}}],"collection":[{"href":"https:\/\/zl.jewelry\/pl\/wp-json\/wp\/v2\/product"}],"about":[{"href":"https:\/\/zl.jewelry\/pl\/wp-json\/wp\/v2\/types\/product"}],"wp:featuredmedia":[{"embeddable":true,"href":"https:\/\/zl.jewelry\/pl\/wp-json\/wp\/v2\/media\/48073"}],"wp:attachment":[{"href":"https:\/\/zl.jewelry\/pl\/wp-json\/wp\/v2\/media?parent=48072"}],"wp:term":[{"taxonomy":"product_brand","embeddable":true,"href":"https:\/\/zl.jewelry\/pl\/wp-json\/wp\/v2\/product_brand?post=48072"},{"taxonomy":"product_cat","embeddable":true,"href":"https:\/\/zl.jewelry\/pl\/wp-json\/wp\/v2\/product_cat?post=48072"},{"taxonomy":"product_tag","embeddable":true,"href":"https:\/\/zl.jewelry\/pl\/wp-json\/wp\/v2\/product_tag?post=48072"}],"curies":[{"name":"wp","href":"https:\/\/api.w.org\/{rel}","templated":true}]}}