{"id":48066,"date":"2025-06-18T10:51:37","date_gmt":"2025-06-18T10:51:37","guid":{"rendered":"https:\/\/zl.jewelry\/product\/suspension-medusa\/"},"modified":"2025-09-26T18:23:03","modified_gmt":"2025-09-26T18:23:03","slug":"suspension-medusa","status":"publish","type":"product","link":"https:\/\/zl.jewelry\/pl\/product\/suspension-medusa\/","title":{"rendered":"Wisiorek &#8222;\u041ceduza&#8221;"},"content":{"rendered":"<p>Wisiorek z czerwonego z\u0142ota o masie 30,12 i \u015brednicy 38 mm. Na awersie znajduje si\u0119 g\u0142owa Meduzy Gorgony z greckimi wzorami wok&oacute;\u0142 niej. Na awersie znajduje si\u0119 symbol w centplm i wzory wok&oacute;\u0142 niego.<\/p>\n<p>_x000D_<\/p>\n","protected":false},"excerpt":{"rendered":"<p>Wisiorek z czerwonego z\u0142ota o masie 30,12 i \u015brednicy 38 mm. Na awersie znajduje si\u0119 g\u0142owa Meduzy Gorgony z greckimi wzorami wok&oacute;\u0142 niej. Na awersie znajduje si\u0119 symbol w centplm i wzory wok&oacute;\u0142 niego. _x000D_<\/p>\n","protected":false},"featured_media":48067,"template":"","meta":{"_acf_changed":false},"product_brand":[],"product_cat":[563,568],"product_tag":[],"class_list":{"0":"post-48066","1":"product","2":"type-product","3":"status-publish","4":"has-post-thumbnail","6":"product_cat-gold-pendants-pl","7":"product_cat-without-inserts-2-pl","9":"first","10":"instock","11":"product-type-simple"},"acf":[],"_links":{"self":[{"href":"https:\/\/zl.jewelry\/pl\/wp-json\/wp\/v2\/product\/48066","targetHints":{"allow":["GET"]}}],"collection":[{"href":"https:\/\/zl.jewelry\/pl\/wp-json\/wp\/v2\/product"}],"about":[{"href":"https:\/\/zl.jewelry\/pl\/wp-json\/wp\/v2\/types\/product"}],"wp:featuredmedia":[{"embeddable":true,"href":"https:\/\/zl.jewelry\/pl\/wp-json\/wp\/v2\/media\/48067"}],"wp:attachment":[{"href":"https:\/\/zl.jewelry\/pl\/wp-json\/wp\/v2\/media?parent=48066"}],"wp:term":[{"taxonomy":"product_brand","embeddable":true,"href":"https:\/\/zl.jewelry\/pl\/wp-json\/wp\/v2\/product_brand?post=48066"},{"taxonomy":"product_cat","embeddable":true,"href":"https:\/\/zl.jewelry\/pl\/wp-json\/wp\/v2\/product_cat?post=48066"},{"taxonomy":"product_tag","embeddable":true,"href":"https:\/\/zl.jewelry\/pl\/wp-json\/wp\/v2\/product_tag?post=48066"}],"curies":[{"name":"wp","href":"https:\/\/api.w.org\/{rel}","templated":true}]}}