{"id":48058,"date":"2025-06-18T10:51:37","date_gmt":"2025-06-18T10:51:37","guid":{"rendered":"https:\/\/zl.jewelry\/product\/sides-of-the-world-pendant\/"},"modified":"2025-09-26T18:23:02","modified_gmt":"2025-09-26T18:23:02","slug":"sides-of-the-world-pendant","status":"publish","type":"product","link":"https:\/\/zl.jewelry\/pl\/product\/sides-of-the-world-pendant\/","title":{"rendered":"Wisiorek &#8222;Strony \u015bwiata&#8221;"},"content":{"rendered":"<p>Wisiorek z czerwonego z\u0142ota, o wadze 5,12. \u015arednica wisiorka wynosi 22 mm. Na przedniej stronie znajduje si\u0119 kompas, a obok niego detal z dat\u0105. Na rewersie po\u015brodku znajduje si\u0119 wieniec laurowy, wewn\u0105trz kt&oacute;rego widnieje napis &quot;Don&#39;t go astray&quot;. Wisiorek pokryty niello.<\/p>\n<p>_x000D_<\/p>\n","protected":false},"excerpt":{"rendered":"<p>Wisiorek z czerwonego z\u0142ota, o wadze 5,12. \u015arednica wisiorka wynosi 22 mm. Na przedniej stronie znajduje si\u0119 kompas, a obok niego detal z dat\u0105. Na rewersie po\u015brodku znajduje si\u0119 wieniec laurowy, wewn\u0105trz kt&oacute;rego widnieje napis &quot;Don&#39;t go astray&quot;. Wisiorek pokryty niello. _x000D_<\/p>\n","protected":false},"featured_media":48059,"template":"","meta":{"_acf_changed":false},"product_brand":[],"product_cat":[563,568],"product_tag":[],"class_list":{"0":"post-48058","1":"product","2":"type-product","3":"status-publish","4":"has-post-thumbnail","6":"product_cat-gold-pendants-pl","7":"product_cat-without-inserts-2-pl","9":"first","10":"instock","11":"product-type-simple"},"acf":[],"_links":{"self":[{"href":"https:\/\/zl.jewelry\/pl\/wp-json\/wp\/v2\/product\/48058","targetHints":{"allow":["GET"]}}],"collection":[{"href":"https:\/\/zl.jewelry\/pl\/wp-json\/wp\/v2\/product"}],"about":[{"href":"https:\/\/zl.jewelry\/pl\/wp-json\/wp\/v2\/types\/product"}],"wp:featuredmedia":[{"embeddable":true,"href":"https:\/\/zl.jewelry\/pl\/wp-json\/wp\/v2\/media\/48059"}],"wp:attachment":[{"href":"https:\/\/zl.jewelry\/pl\/wp-json\/wp\/v2\/media?parent=48058"}],"wp:term":[{"taxonomy":"product_brand","embeddable":true,"href":"https:\/\/zl.jewelry\/pl\/wp-json\/wp\/v2\/product_brand?post=48058"},{"taxonomy":"product_cat","embeddable":true,"href":"https:\/\/zl.jewelry\/pl\/wp-json\/wp\/v2\/product_cat?post=48058"},{"taxonomy":"product_tag","embeddable":true,"href":"https:\/\/zl.jewelry\/pl\/wp-json\/wp\/v2\/product_tag?post=48058"}],"curies":[{"name":"wp","href":"https:\/\/api.w.org\/{rel}","templated":true}]}}