{"id":48030,"date":"2025-06-18T10:51:42","date_gmt":"2025-06-18T10:51:42","guid":{"rendered":"https:\/\/zl.jewelry\/product\/family-tree-pendant\/"},"modified":"2025-09-26T18:23:08","modified_gmt":"2025-09-26T18:23:08","slug":"family-tree-pendant","status":"publish","type":"product","link":"https:\/\/zl.jewelry\/pl\/product\/family-tree-pendant\/","title":{"rendered":"Wisiorek &#8222;Drzewo genealogiczne&#8221;"},"content":{"rendered":"<p>Zawieszka z czerwonego z\u0142ota o wadze 3,22 grama. \u015arednica okr\u0119gu, na kt\u00f3rym przedstawione jest drzewo, wynosi oko\u0142o 12 mm. Wstawione kamienie Swarovskiego o \u015brednicy oko\u0142o 1,00 mm; 1,50 mm<\/p>\n","protected":false},"excerpt":{"rendered":"<p>Zawieszka z czerwonego z\u0142ota o wadze 3,22 grama. \u015arednica okr\u0119gu, na kt\u00f3rym przedstawione jest drzewo, wynosi oko\u0142o 12 mm. Wstawione kamienie Swarovskiego o \u015brednicy oko\u0142o 1,00 mm; 1,50 mm<\/p>\n","protected":false},"featured_media":48031,"template":"","meta":{"_acf_changed":false},"product_brand":[],"product_cat":[563,566,567,570],"product_tag":[],"class_list":{"0":"post-48030","1":"product","2":"type-product","3":"status-publish","4":"has-post-thumbnail","6":"product_cat-gold-pendants-pl","7":"product_cat-with-cubic-zirconia-2-pl","8":"product_cat-with-diamonds-2-pl","9":"product_cat-with-rocks-2-pl","11":"first","12":"instock","13":"product-type-simple"},"acf":[],"_links":{"self":[{"href":"https:\/\/zl.jewelry\/pl\/wp-json\/wp\/v2\/product\/48030","targetHints":{"allow":["GET"]}}],"collection":[{"href":"https:\/\/zl.jewelry\/pl\/wp-json\/wp\/v2\/product"}],"about":[{"href":"https:\/\/zl.jewelry\/pl\/wp-json\/wp\/v2\/types\/product"}],"wp:featuredmedia":[{"embeddable":true,"href":"https:\/\/zl.jewelry\/pl\/wp-json\/wp\/v2\/media\/48031"}],"wp:attachment":[{"href":"https:\/\/zl.jewelry\/pl\/wp-json\/wp\/v2\/media?parent=48030"}],"wp:term":[{"taxonomy":"product_brand","embeddable":true,"href":"https:\/\/zl.jewelry\/pl\/wp-json\/wp\/v2\/product_brand?post=48030"},{"taxonomy":"product_cat","embeddable":true,"href":"https:\/\/zl.jewelry\/pl\/wp-json\/wp\/v2\/product_cat?post=48030"},{"taxonomy":"product_tag","embeddable":true,"href":"https:\/\/zl.jewelry\/pl\/wp-json\/wp\/v2\/product_tag?post=48030"}],"curies":[{"name":"wp","href":"https:\/\/api.w.org\/{rel}","templated":true}]}}