{"id":48028,"date":"2025-06-18T10:51:42","date_gmt":"2025-06-18T10:51:42","guid":{"rendered":"https:\/\/zl.jewelry\/product\/treasure-of-the-sea-pendant\/"},"modified":"2025-09-26T18:23:08","modified_gmt":"2025-09-26T18:23:08","slug":"treasure-of-the-sea-pendant","status":"publish","type":"product","link":"https:\/\/zl.jewelry\/pl\/product\/treasure-of-the-sea-pendant\/","title":{"rendered":"Wisiorek &#8222;Skarb morza&#8221;"},"content":{"rendered":"<p>p>Wisiorek z czerwonego z\u0142ota o wadze 5 gram\u00f3w, w formie muszli. Wewn\u0105trz muszli zamocowane s\u0105 per\u0142y o \u015brednicy 2,5 mm (2 szt.); 3,5 mm (1 szt.). Wysoko\u015b\u0107 zawieszki bez wyst\u0119pu wynosi oko\u0142o 20 mm.<\/p>\n","protected":false},"excerpt":{"rendered":"<p>p>Wisiorek z czerwonego z\u0142ota o wadze 5 gram\u00f3w, w formie muszli. Wewn\u0105trz muszli zamocowane s\u0105 per\u0142y o \u015brednicy 2,5 mm (2 szt.); 3,5 mm (1 szt.). Wysoko\u015b\u0107 zawieszki bez wyst\u0119pu wynosi oko\u0142o 20 mm.<\/p>\n","protected":false},"featured_media":48029,"template":"","meta":{"_acf_changed":false},"product_brand":[],"product_cat":[563,569],"product_tag":[],"class_list":{"0":"post-48028","1":"product","2":"type-product","3":"status-publish","4":"has-post-thumbnail","6":"product_cat-gold-pendants-pl","7":"product_cat-with-pearls-3-pl","9":"first","10":"instock","11":"product-type-simple"},"acf":[],"_links":{"self":[{"href":"https:\/\/zl.jewelry\/pl\/wp-json\/wp\/v2\/product\/48028","targetHints":{"allow":["GET"]}}],"collection":[{"href":"https:\/\/zl.jewelry\/pl\/wp-json\/wp\/v2\/product"}],"about":[{"href":"https:\/\/zl.jewelry\/pl\/wp-json\/wp\/v2\/types\/product"}],"wp:featuredmedia":[{"embeddable":true,"href":"https:\/\/zl.jewelry\/pl\/wp-json\/wp\/v2\/media\/48029"}],"wp:attachment":[{"href":"https:\/\/zl.jewelry\/pl\/wp-json\/wp\/v2\/media?parent=48028"}],"wp:term":[{"taxonomy":"product_brand","embeddable":true,"href":"https:\/\/zl.jewelry\/pl\/wp-json\/wp\/v2\/product_brand?post=48028"},{"taxonomy":"product_cat","embeddable":true,"href":"https:\/\/zl.jewelry\/pl\/wp-json\/wp\/v2\/product_cat?post=48028"},{"taxonomy":"product_tag","embeddable":true,"href":"https:\/\/zl.jewelry\/pl\/wp-json\/wp\/v2\/product_tag?post=48028"}],"curies":[{"name":"wp","href":"https:\/\/api.w.org\/{rel}","templated":true}]}}