{"id":48026,"date":"2025-06-18T10:51:42","date_gmt":"2025-06-18T10:51:42","guid":{"rendered":"https:\/\/zl.jewelry\/product\/drop-pendant\/"},"modified":"2025-09-26T18:23:08","modified_gmt":"2025-09-26T18:23:08","slug":"drop-pendant","status":"publish","type":"product","link":"https:\/\/zl.jewelry\/pl\/product\/drop-pendant\/","title":{"rendered":"Wisiorek &#8222;Kropla&#8221;"},"content":{"rendered":"<p>Wisiorek z czerwonego z\u0142ota o wadze 1,96 grama. W centplm wisiorka fasetowany agat, pod wisiorkiem wk\u0142adka na ucho, \u015brednica ok. 1,25mm. Wysoko\u015b\u0107 wisiorka bez uszka wynosi 8mm.<\/p>\n","protected":false},"excerpt":{"rendered":"<p>Wisiorek z czerwonego z\u0142ota o wadze 1,96 grama. W centplm wisiorka fasetowany agat, pod wisiorkiem wk\u0142adka na ucho, \u015brednica ok. 1,25mm. Wysoko\u015b\u0107 wisiorka bez uszka wynosi 8mm.<\/p>\n","protected":false},"featured_media":48027,"template":"","meta":{"_acf_changed":false},"product_brand":[],"product_cat":[563,566,567,570],"product_tag":[],"class_list":{"0":"post-48026","1":"product","2":"type-product","3":"status-publish","4":"has-post-thumbnail","6":"product_cat-gold-pendants-pl","7":"product_cat-with-cubic-zirconia-2-pl","8":"product_cat-with-diamonds-2-pl","9":"product_cat-with-rocks-2-pl","11":"first","12":"instock","13":"product-type-simple"},"acf":[],"_links":{"self":[{"href":"https:\/\/zl.jewelry\/pl\/wp-json\/wp\/v2\/product\/48026","targetHints":{"allow":["GET"]}}],"collection":[{"href":"https:\/\/zl.jewelry\/pl\/wp-json\/wp\/v2\/product"}],"about":[{"href":"https:\/\/zl.jewelry\/pl\/wp-json\/wp\/v2\/types\/product"}],"wp:featuredmedia":[{"embeddable":true,"href":"https:\/\/zl.jewelry\/pl\/wp-json\/wp\/v2\/media\/48027"}],"wp:attachment":[{"href":"https:\/\/zl.jewelry\/pl\/wp-json\/wp\/v2\/media?parent=48026"}],"wp:term":[{"taxonomy":"product_brand","embeddable":true,"href":"https:\/\/zl.jewelry\/pl\/wp-json\/wp\/v2\/product_brand?post=48026"},{"taxonomy":"product_cat","embeddable":true,"href":"https:\/\/zl.jewelry\/pl\/wp-json\/wp\/v2\/product_cat?post=48026"},{"taxonomy":"product_tag","embeddable":true,"href":"https:\/\/zl.jewelry\/pl\/wp-json\/wp\/v2\/product_tag?post=48026"}],"curies":[{"name":"wp","href":"https:\/\/api.w.org\/{rel}","templated":true}]}}