{"id":48020,"date":"2025-06-18T10:51:42","date_gmt":"2025-06-18T10:51:42","guid":{"rendered":"https:\/\/zl.jewelry\/product\/buddha-pendant\/"},"modified":"2025-09-26T18:23:07","modified_gmt":"2025-09-26T18:23:07","slug":"buddha-pendant","status":"publish","type":"product","link":"https:\/\/zl.jewelry\/pl\/product\/buddha-pendant\/","title":{"rendered":"Wisiorek &#8222;Budda&#8221;"},"content":{"rendered":"<p>Wisiorek z czerwonego z\u0142ota, waga r&oacute;\u017cni si\u0119 w zale\u017cno\u015bci od wymiar&oacute;w wisiorka. Wysoko\u015b\u0107 40 mm&nbsp;z uszkiem, szeroko\u015b\u0107 30 mm, waga z\u0142ota 15,72 grama.<\/p>\n<p>_x000D_<\/p>\n","protected":false},"excerpt":{"rendered":"<p>Wisiorek z czerwonego z\u0142ota, waga r&oacute;\u017cni si\u0119 w zale\u017cno\u015bci od wymiar&oacute;w wisiorka. Wysoko\u015b\u0107 40 mm&nbsp;z uszkiem, szeroko\u015b\u0107 30 mm, waga z\u0142ota 15,72 grama. _x000D_<\/p>\n","protected":false},"featured_media":48021,"template":"","meta":{"_acf_changed":false},"product_brand":[],"product_cat":[563,568],"product_tag":[],"class_list":{"0":"post-48020","1":"product","2":"type-product","3":"status-publish","4":"has-post-thumbnail","6":"product_cat-gold-pendants-pl","7":"product_cat-without-inserts-2-pl","9":"first","10":"instock","11":"product-type-simple"},"acf":[],"_links":{"self":[{"href":"https:\/\/zl.jewelry\/pl\/wp-json\/wp\/v2\/product\/48020","targetHints":{"allow":["GET"]}}],"collection":[{"href":"https:\/\/zl.jewelry\/pl\/wp-json\/wp\/v2\/product"}],"about":[{"href":"https:\/\/zl.jewelry\/pl\/wp-json\/wp\/v2\/types\/product"}],"wp:featuredmedia":[{"embeddable":true,"href":"https:\/\/zl.jewelry\/pl\/wp-json\/wp\/v2\/media\/48021"}],"wp:attachment":[{"href":"https:\/\/zl.jewelry\/pl\/wp-json\/wp\/v2\/media?parent=48020"}],"wp:term":[{"taxonomy":"product_brand","embeddable":true,"href":"https:\/\/zl.jewelry\/pl\/wp-json\/wp\/v2\/product_brand?post=48020"},{"taxonomy":"product_cat","embeddable":true,"href":"https:\/\/zl.jewelry\/pl\/wp-json\/wp\/v2\/product_cat?post=48020"},{"taxonomy":"product_tag","embeddable":true,"href":"https:\/\/zl.jewelry\/pl\/wp-json\/wp\/v2\/product_tag?post=48020"}],"curies":[{"name":"wp","href":"https:\/\/api.w.org\/{rel}","templated":true}]}}