{"id":48018,"date":"2025-06-18T10:51:42","date_gmt":"2025-06-18T10:51:42","guid":{"rendered":"https:\/\/zl.jewelry\/product\/intertwining-pendant\/"},"modified":"2025-09-26T18:23:07","modified_gmt":"2025-09-26T18:23:07","slug":"intertwining-pendant","status":"publish","type":"product","link":"https:\/\/zl.jewelry\/pl\/product\/intertwining-pendant\/","title":{"rendered":"Wisiorek &#8222;Przeplatanie&#8221;"},"content":{"rendered":"<p>Wisiorek z czerwonego z\u0142ota, o wadze 7,47 grama, w kszta\u0142cie gwiazdy. Na przedniej stronie w centralnym punkcie znajduje si\u0119 brylant o wymiarach 2,9mmx2,9mm, &nbsp;wok\u00f3\u0142 rozsypka brylant\u00f3w 1,00mm (23szt). Istnieje mo\u017cliwo\u015b\u0107 umieszczenia dowolnych kamieni na \u017cyczenie klienta. \u015arednica samego wisiorka to 20-25mm.<\/p>\n","protected":false},"excerpt":{"rendered":"<p>Wisiorek z czerwonego z\u0142ota, o wadze 7,47 grama, w kszta\u0142cie gwiazdy. Na przedniej stronie w centralnym punkcie znajduje si\u0119 brylant o wymiarach 2,9mmx2,9mm, &nbsp;wok\u00f3\u0142 rozsypka brylant\u00f3w 1,00mm (23szt). Istnieje mo\u017cliwo\u015b\u0107 umieszczenia dowolnych kamieni na \u017cyczenie klienta. \u015arednica samego wisiorka to 20-25mm.<\/p>\n","protected":false},"featured_media":48019,"template":"","meta":{"_acf_changed":false},"product_brand":[],"product_cat":[563,566,567,570],"product_tag":[],"class_list":{"0":"post-48018","1":"product","2":"type-product","3":"status-publish","4":"has-post-thumbnail","6":"product_cat-gold-pendants-pl","7":"product_cat-with-cubic-zirconia-2-pl","8":"product_cat-with-diamonds-2-pl","9":"product_cat-with-rocks-2-pl","11":"first","12":"instock","13":"product-type-simple"},"acf":[],"_links":{"self":[{"href":"https:\/\/zl.jewelry\/pl\/wp-json\/wp\/v2\/product\/48018","targetHints":{"allow":["GET"]}}],"collection":[{"href":"https:\/\/zl.jewelry\/pl\/wp-json\/wp\/v2\/product"}],"about":[{"href":"https:\/\/zl.jewelry\/pl\/wp-json\/wp\/v2\/types\/product"}],"wp:featuredmedia":[{"embeddable":true,"href":"https:\/\/zl.jewelry\/pl\/wp-json\/wp\/v2\/media\/48019"}],"wp:attachment":[{"href":"https:\/\/zl.jewelry\/pl\/wp-json\/wp\/v2\/media?parent=48018"}],"wp:term":[{"taxonomy":"product_brand","embeddable":true,"href":"https:\/\/zl.jewelry\/pl\/wp-json\/wp\/v2\/product_brand?post=48018"},{"taxonomy":"product_cat","embeddable":true,"href":"https:\/\/zl.jewelry\/pl\/wp-json\/wp\/v2\/product_cat?post=48018"},{"taxonomy":"product_tag","embeddable":true,"href":"https:\/\/zl.jewelry\/pl\/wp-json\/wp\/v2\/product_tag?post=48018"}],"curies":[{"name":"wp","href":"https:\/\/api.w.org\/{rel}","templated":true}]}}