{"id":48016,"date":"2025-06-18T10:51:42","date_gmt":"2025-06-18T10:51:42","guid":{"rendered":"https:\/\/zl.jewelry\/product\/king-of-beasts-pendant\/"},"modified":"2025-09-26T18:23:07","modified_gmt":"2025-09-26T18:23:07","slug":"king-of-beasts-pendant","status":"publish","type":"product","link":"https:\/\/zl.jewelry\/pl\/product\/king-of-beasts-pendant\/","title":{"rendered":"Wisiorek &#8222;Kr\u00f3l bestii&#8221;"},"content":{"rendered":"<p>Oryginalny wisiorek z wizeplnkiem lwa z czerwonego i bia\u0142ego z\u0142ota. Podstawa z czerwonego z\u0142ota, ramka z bia\u0142ego z\u0142ota i rodowana. Przy przybli\u017conej wysoko\u015bci bez ucha 28,80 mm, waga z\u0142ota w bi\u017cuterii wynosi 16,44 grama. Wisiorek jest wysadzany kamieniami o przybli\u017conych \u015brednicach 1,0 mm (12 sztuk); 1,25 mm (62 sztuki); 1,75 (44 sztuki). Projekt wisiorka mo\u017ce zosta\u0107 zmieniony zgodnie z \u017cyczeniem klienta.<\/p>\n","protected":false},"excerpt":{"rendered":"<p>Oryginalny wisiorek z wizeplnkiem lwa z czerwonego i bia\u0142ego z\u0142ota. Podstawa z czerwonego z\u0142ota, ramka z bia\u0142ego z\u0142ota i rodowana. Przy przybli\u017conej wysoko\u015bci bez ucha 28,80 mm, waga z\u0142ota w bi\u017cuterii wynosi 16,44 grama. Wisiorek jest wysadzany kamieniami o przybli\u017conych \u015brednicach 1,0 mm (12 sztuk); 1,25 mm (62 sztuki); 1,75 (44 sztuki). Projekt wisiorka mo\u017ce&#8230;<\/p>\n","protected":false},"featured_media":48017,"template":"","meta":{"_acf_changed":false},"product_brand":[],"product_cat":[563,566,567,570],"product_tag":[],"class_list":{"0":"post-48016","1":"product","2":"type-product","3":"status-publish","4":"has-post-thumbnail","6":"product_cat-gold-pendants-pl","7":"product_cat-with-cubic-zirconia-2-pl","8":"product_cat-with-diamonds-2-pl","9":"product_cat-with-rocks-2-pl","11":"first","12":"instock","13":"product-type-simple"},"acf":[],"_links":{"self":[{"href":"https:\/\/zl.jewelry\/pl\/wp-json\/wp\/v2\/product\/48016","targetHints":{"allow":["GET"]}}],"collection":[{"href":"https:\/\/zl.jewelry\/pl\/wp-json\/wp\/v2\/product"}],"about":[{"href":"https:\/\/zl.jewelry\/pl\/wp-json\/wp\/v2\/types\/product"}],"wp:featuredmedia":[{"embeddable":true,"href":"https:\/\/zl.jewelry\/pl\/wp-json\/wp\/v2\/media\/48017"}],"wp:attachment":[{"href":"https:\/\/zl.jewelry\/pl\/wp-json\/wp\/v2\/media?parent=48016"}],"wp:term":[{"taxonomy":"product_brand","embeddable":true,"href":"https:\/\/zl.jewelry\/pl\/wp-json\/wp\/v2\/product_brand?post=48016"},{"taxonomy":"product_cat","embeddable":true,"href":"https:\/\/zl.jewelry\/pl\/wp-json\/wp\/v2\/product_cat?post=48016"},{"taxonomy":"product_tag","embeddable":true,"href":"https:\/\/zl.jewelry\/pl\/wp-json\/wp\/v2\/product_tag?post=48016"}],"curies":[{"name":"wp","href":"https:\/\/api.w.org\/{rel}","templated":true}]}}