{"id":48012,"date":"2025-06-18T10:51:42","date_gmt":"2025-06-18T10:51:42","guid":{"rendered":"https:\/\/zl.jewelry\/product\/heart-pendant-with-letters-and-diamonds\/"},"modified":"2025-09-26T18:23:07","modified_gmt":"2025-09-26T18:23:07","slug":"heart-pendant-with-letters-and-diamonds","status":"publish","type":"product","link":"https:\/\/zl.jewelry\/pl\/product\/heart-pendant-with-letters-and-diamonds\/","title":{"rendered":"Wisiorek &#8222;Serce&#8221; z literami i diamentami"},"content":{"rendered":"<p>Wisiorek z czerwonego i bia\u0142ego z\u0142ota, waga 3,72, wysoko\u015b\u0107 wisiorka bez ucha 20mm.&nbsp; Podstawa z czerwonego z\u0142ota, rodowane literki z bia\u0142ego z\u0142ota. Podstawa w kszta\u0142cie serca ma kamienie o \u015brednicy 2 mm na ramce.&nbsp;&nbsp;&nbsp;Kamienie mog\u0105 by\u0107 ustawione w dowolny spos\u00f3b.<\/p>\n","protected":false},"excerpt":{"rendered":"<p>Wisiorek z czerwonego i bia\u0142ego z\u0142ota, waga 3,72, wysoko\u015b\u0107 wisiorka bez ucha 20mm.&nbsp; Podstawa z czerwonego z\u0142ota, rodowane literki z bia\u0142ego z\u0142ota. Podstawa w kszta\u0142cie serca ma kamienie o \u015brednicy 2 mm na ramce.&nbsp;&nbsp;&nbsp;Kamienie mog\u0105 by\u0107 ustawione w dowolny spos\u00f3b.<\/p>\n","protected":false},"featured_media":48013,"template":"","meta":{"_acf_changed":false},"product_brand":[],"product_cat":[563,566,567,570],"product_tag":[],"class_list":{"0":"post-48012","1":"product","2":"type-product","3":"status-publish","4":"has-post-thumbnail","6":"product_cat-gold-pendants-pl","7":"product_cat-with-cubic-zirconia-2-pl","8":"product_cat-with-diamonds-2-pl","9":"product_cat-with-rocks-2-pl","11":"first","12":"instock","13":"product-type-simple"},"acf":[],"_links":{"self":[{"href":"https:\/\/zl.jewelry\/pl\/wp-json\/wp\/v2\/product\/48012","targetHints":{"allow":["GET"]}}],"collection":[{"href":"https:\/\/zl.jewelry\/pl\/wp-json\/wp\/v2\/product"}],"about":[{"href":"https:\/\/zl.jewelry\/pl\/wp-json\/wp\/v2\/types\/product"}],"wp:featuredmedia":[{"embeddable":true,"href":"https:\/\/zl.jewelry\/pl\/wp-json\/wp\/v2\/media\/48013"}],"wp:attachment":[{"href":"https:\/\/zl.jewelry\/pl\/wp-json\/wp\/v2\/media?parent=48012"}],"wp:term":[{"taxonomy":"product_brand","embeddable":true,"href":"https:\/\/zl.jewelry\/pl\/wp-json\/wp\/v2\/product_brand?post=48012"},{"taxonomy":"product_cat","embeddable":true,"href":"https:\/\/zl.jewelry\/pl\/wp-json\/wp\/v2\/product_cat?post=48012"},{"taxonomy":"product_tag","embeddable":true,"href":"https:\/\/zl.jewelry\/pl\/wp-json\/wp\/v2\/product_tag?post=48012"}],"curies":[{"name":"wp","href":"https:\/\/api.w.org\/{rel}","templated":true}]}}