{"id":48002,"date":"2025-06-18T10:51:42","date_gmt":"2025-06-18T10:51:42","guid":{"rendered":"https:\/\/zl.jewelry\/product\/pendant-bear-with-diamonds\/"},"modified":"2025-09-26T18:23:06","modified_gmt":"2025-09-26T18:23:06","slug":"pendant-bear-with-diamonds","status":"publish","type":"product","link":"https:\/\/zl.jewelry\/pl\/product\/pendant-bear-with-diamonds\/","title":{"rendered":"Wisiorek &#8222;Nied\u017awied\u017a&#8221; z diamentami"},"content":{"rendered":"<p>Wisiorek z czerwonego z\u0142ota pr\u00f3by 585*, waga z\u0142ota w wisiorku&nbsp;22,12 grama, pusty, wysoko\u015b\u0107 misia bez ucha 35mm. Wisiorek wysadzany diamentami 2,5mm &#8211; 8 sztuk, 2mm &#8211; 179 sztuk, 1,75mm &#8211; 130 sztuk, 1,5mm &#8211; 111 sztuk, 1,25mm &#8211; 100 sztuk, 1mm &#8211; 79 sztuk.<\/p>\n","protected":false},"excerpt":{"rendered":"<p>Wisiorek z czerwonego z\u0142ota pr\u00f3by 585*, waga z\u0142ota w wisiorku&nbsp;22,12 grama, pusty, wysoko\u015b\u0107 misia bez ucha 35mm. Wisiorek wysadzany diamentami 2,5mm &#8211; 8 sztuk, 2mm &#8211; 179 sztuk, 1,75mm &#8211; 130 sztuk, 1,5mm &#8211; 111 sztuk, 1,25mm &#8211; 100 sztuk, 1mm &#8211; 79 sztuk.<\/p>\n","protected":false},"featured_media":48003,"template":"","meta":{"_acf_changed":false},"product_brand":[],"product_cat":[567,566,570,563],"product_tag":[],"class_list":{"0":"post-48002","1":"product","2":"type-product","3":"status-publish","4":"has-post-thumbnail","6":"product_cat-with-diamonds-2-pl","7":"product_cat-with-cubic-zirconia-2-pl","8":"product_cat-with-rocks-2-pl","9":"product_cat-gold-pendants-pl","11":"first","12":"instock","13":"product-type-simple"},"acf":[],"_links":{"self":[{"href":"https:\/\/zl.jewelry\/pl\/wp-json\/wp\/v2\/product\/48002","targetHints":{"allow":["GET"]}}],"collection":[{"href":"https:\/\/zl.jewelry\/pl\/wp-json\/wp\/v2\/product"}],"about":[{"href":"https:\/\/zl.jewelry\/pl\/wp-json\/wp\/v2\/types\/product"}],"wp:featuredmedia":[{"embeddable":true,"href":"https:\/\/zl.jewelry\/pl\/wp-json\/wp\/v2\/media\/48003"}],"wp:attachment":[{"href":"https:\/\/zl.jewelry\/pl\/wp-json\/wp\/v2\/media?parent=48002"}],"wp:term":[{"taxonomy":"product_brand","embeddable":true,"href":"https:\/\/zl.jewelry\/pl\/wp-json\/wp\/v2\/product_brand?post=48002"},{"taxonomy":"product_cat","embeddable":true,"href":"https:\/\/zl.jewelry\/pl\/wp-json\/wp\/v2\/product_cat?post=48002"},{"taxonomy":"product_tag","embeddable":true,"href":"https:\/\/zl.jewelry\/pl\/wp-json\/wp\/v2\/product_tag?post=48002"}],"curies":[{"name":"wp","href":"https:\/\/api.w.org\/{rel}","templated":true}]}}