{"id":48000,"date":"2025-06-18T10:51:42","date_gmt":"2025-06-18T10:51:42","guid":{"rendered":"https:\/\/zl.jewelry\/product\/hamsa-pendant\/"},"modified":"2025-09-26T18:23:06","modified_gmt":"2025-09-26T18:23:06","slug":"hamsa-pendant","status":"publish","type":"product","link":"https:\/\/zl.jewelry\/pl\/product\/hamsa-pendant\/","title":{"rendered":"Wisiorek &#8222;Hamsa&#8221;"},"content":{"rendered":"<p>Wisiorek z czerwonego z\u0142ota pr&oacute;by 585*, przybli\u017cona waga 13,35 grama, wysoko\u015b\u0107 wisiorka bez ucha 35 mm. Po\u015brodku znajduje si\u0119 czarny diament o \u015brednicy 5 mm. Wisiorek i ucho s\u0105 wysadzane diamentami po obu stronach. Bezbarwne diamenty o \u015brednicy 1.50 mm, 1.25 mm, 1.00 mm.<\/p>\n<p>_x000D_<\/p>\n","protected":false},"excerpt":{"rendered":"<p>Wisiorek z czerwonego z\u0142ota pr&oacute;by 585*, przybli\u017cona waga 13,35 grama, wysoko\u015b\u0107 wisiorka bez ucha 35 mm. Po\u015brodku znajduje si\u0119 czarny diament o \u015brednicy 5 mm. Wisiorek i ucho s\u0105 wysadzane diamentami po obu stronach. Bezbarwne diamenty o \u015brednicy 1.50 mm, 1.25 mm, 1.00 mm. _x000D_<\/p>\n","protected":false},"featured_media":48001,"template":"","meta":{"_acf_changed":false},"product_brand":[],"product_cat":[563,566,567,570],"product_tag":[],"class_list":{"0":"post-48000","1":"product","2":"type-product","3":"status-publish","4":"has-post-thumbnail","6":"product_cat-gold-pendants-pl","7":"product_cat-with-cubic-zirconia-2-pl","8":"product_cat-with-diamonds-2-pl","9":"product_cat-with-rocks-2-pl","11":"first","12":"instock","13":"product-type-simple"},"acf":[],"_links":{"self":[{"href":"https:\/\/zl.jewelry\/pl\/wp-json\/wp\/v2\/product\/48000","targetHints":{"allow":["GET"]}}],"collection":[{"href":"https:\/\/zl.jewelry\/pl\/wp-json\/wp\/v2\/product"}],"about":[{"href":"https:\/\/zl.jewelry\/pl\/wp-json\/wp\/v2\/types\/product"}],"wp:featuredmedia":[{"embeddable":true,"href":"https:\/\/zl.jewelry\/pl\/wp-json\/wp\/v2\/media\/48001"}],"wp:attachment":[{"href":"https:\/\/zl.jewelry\/pl\/wp-json\/wp\/v2\/media?parent=48000"}],"wp:term":[{"taxonomy":"product_brand","embeddable":true,"href":"https:\/\/zl.jewelry\/pl\/wp-json\/wp\/v2\/product_brand?post=48000"},{"taxonomy":"product_cat","embeddable":true,"href":"https:\/\/zl.jewelry\/pl\/wp-json\/wp\/v2\/product_cat?post=48000"},{"taxonomy":"product_tag","embeddable":true,"href":"https:\/\/zl.jewelry\/pl\/wp-json\/wp\/v2\/product_tag?post=48000"}],"curies":[{"name":"wp","href":"https:\/\/api.w.org\/{rel}","templated":true}]}}