{"id":47998,"date":"2025-06-18T10:51:42","date_gmt":"2025-06-18T10:51:42","guid":{"rendered":"https:\/\/zl.jewelry\/product\/dagger-pendant\/"},"modified":"2025-09-26T18:23:05","modified_gmt":"2025-09-26T18:23:05","slug":"dagger-pendant","status":"publish","type":"product","link":"https:\/\/zl.jewelry\/pl\/product\/dagger-pendant\/","title":{"rendered":"Zawieszenie  &#8222;Sztylet&#8221;"},"content":{"rendered":"<p>Wisiorek sztylet z czerwonego z\u0142ota pr&oacute;by 585*, waga&nbsp;7,19 grama, wysoko\u015b\u0107 wisiorka 40mm bez ucha. Wisiorek jest wysadzany diamentami po obu stronach. Kamienie diamenty 1.25mm (42 sztuki) i diament w szlifie gplszkowym 8x5mm.<\/p>\n<p>_x000D_<\/p>\n","protected":false},"excerpt":{"rendered":"<p>Wisiorek sztylet z czerwonego z\u0142ota pr&oacute;by 585*, waga&nbsp;7,19 grama, wysoko\u015b\u0107 wisiorka 40mm bez ucha. Wisiorek jest wysadzany diamentami po obu stronach. Kamienie diamenty 1.25mm (42 sztuki) i diament w szlifie gplszkowym 8x5mm. _x000D_<\/p>\n","protected":false},"featured_media":47999,"template":"","meta":{"_acf_changed":false},"product_brand":[],"product_cat":[563,566,567,570],"product_tag":[],"class_list":{"0":"post-47998","1":"product","2":"type-product","3":"status-publish","4":"has-post-thumbnail","6":"product_cat-gold-pendants-pl","7":"product_cat-with-cubic-zirconia-2-pl","8":"product_cat-with-diamonds-2-pl","9":"product_cat-with-rocks-2-pl","11":"first","12":"instock","13":"product-type-simple"},"acf":[],"_links":{"self":[{"href":"https:\/\/zl.jewelry\/pl\/wp-json\/wp\/v2\/product\/47998","targetHints":{"allow":["GET"]}}],"collection":[{"href":"https:\/\/zl.jewelry\/pl\/wp-json\/wp\/v2\/product"}],"about":[{"href":"https:\/\/zl.jewelry\/pl\/wp-json\/wp\/v2\/types\/product"}],"wp:featuredmedia":[{"embeddable":true,"href":"https:\/\/zl.jewelry\/pl\/wp-json\/wp\/v2\/media\/47999"}],"wp:attachment":[{"href":"https:\/\/zl.jewelry\/pl\/wp-json\/wp\/v2\/media?parent=47998"}],"wp:term":[{"taxonomy":"product_brand","embeddable":true,"href":"https:\/\/zl.jewelry\/pl\/wp-json\/wp\/v2\/product_brand?post=47998"},{"taxonomy":"product_cat","embeddable":true,"href":"https:\/\/zl.jewelry\/pl\/wp-json\/wp\/v2\/product_cat?post=47998"},{"taxonomy":"product_tag","embeddable":true,"href":"https:\/\/zl.jewelry\/pl\/wp-json\/wp\/v2\/product_tag?post=47998"}],"curies":[{"name":"wp","href":"https:\/\/api.w.org\/{rel}","templated":true}]}}