{"id":47966,"date":"2025-06-18T10:52:17","date_gmt":"2025-06-18T10:52:17","guid":{"rendered":"https:\/\/zl.jewelry\/product\/earrings-magic-of-color\/"},"modified":"2025-09-26T18:23:37","modified_gmt":"2025-09-26T18:23:37","slug":"earrings-magic-of-color","status":"publish","type":"product","link":"https:\/\/zl.jewelry\/pl\/product\/earrings-magic-of-color\/","title":{"rendered":"Kolczyki &#8222;Magia kolor\u00f3w&#8221;"},"content":{"rendered":"<p>Kolczyki z czerwonego z\u0142ota pr\u00f3by 585*, waga z\u0142ota w parze od 2 gram\u00f3w. Wstawka z zielonego fianitu, \u015brednica 6mm.<\/p>\n","protected":false},"excerpt":{"rendered":"<p>Kolczyki z czerwonego z\u0142ota pr\u00f3by 585*, waga z\u0142ota w parze od 2 gram\u00f3w. Wstawka z zielonego fianitu, \u015brednica 6mm.<\/p>\n","protected":false},"featured_media":47967,"template":"","meta":{"_acf_changed":false},"product_brand":[],"product_cat":[538,545,548,550],"product_tag":[],"class_list":{"0":"post-47966","1":"product","2":"type-product","3":"status-publish","4":"has-post-thumbnail","6":"product_cat-gold-earrings-pl","7":"product_cat-earrings-up-to-5g-pl","8":"product_cat-earrings-with-stones-pl","9":"product_cat-with-cubic-zirkonia-pl","11":"first","12":"instock","13":"product-type-simple"},"acf":[],"_links":{"self":[{"href":"https:\/\/zl.jewelry\/pl\/wp-json\/wp\/v2\/product\/47966","targetHints":{"allow":["GET"]}}],"collection":[{"href":"https:\/\/zl.jewelry\/pl\/wp-json\/wp\/v2\/product"}],"about":[{"href":"https:\/\/zl.jewelry\/pl\/wp-json\/wp\/v2\/types\/product"}],"wp:featuredmedia":[{"embeddable":true,"href":"https:\/\/zl.jewelry\/pl\/wp-json\/wp\/v2\/media\/47967"}],"wp:attachment":[{"href":"https:\/\/zl.jewelry\/pl\/wp-json\/wp\/v2\/media?parent=47966"}],"wp:term":[{"taxonomy":"product_brand","embeddable":true,"href":"https:\/\/zl.jewelry\/pl\/wp-json\/wp\/v2\/product_brand?post=47966"},{"taxonomy":"product_cat","embeddable":true,"href":"https:\/\/zl.jewelry\/pl\/wp-json\/wp\/v2\/product_cat?post=47966"},{"taxonomy":"product_tag","embeddable":true,"href":"https:\/\/zl.jewelry\/pl\/wp-json\/wp\/v2\/product_tag?post=47966"}],"curies":[{"name":"wp","href":"https:\/\/api.w.org\/{rel}","templated":true}]}}