{"id":47946,"date":"2025-06-18T10:52:23","date_gmt":"2025-06-18T10:52:23","guid":{"rendered":"https:\/\/zl.jewelry\/product\/wedding-rings-imprints-on-the-heart\/"},"modified":"2025-09-26T18:23:43","modified_gmt":"2025-09-26T18:23:43","slug":"wedding-rings-imprints-on-the-heart","status":"publish","type":"product","link":"https:\/\/zl.jewelry\/pl\/product\/wedding-rings-imprints-on-the-heart\/","title":{"rendered":"Pier\u015bcionki zar\u0119czynowe &#8222;Odciski na sercu&#8221;"},"content":{"rendered":"<p>Pier\u015bcionki zar\u0119czynowe z bia\u0142ego i cytrynowego z\u0142ota. Podstawa wykonana jest z rodowanego bia\u0142ego z\u0142ota, a wewn\u0119trzny pier\u015bcie\u0144 z cytrynowego z\u0142ota. Pier\u015bcionek z bia\u0142ego z\u0142ota ma wymodelowany odcisk palca na przedniej stronie i matow\u0105 podstaw\u0119 na ca\u0142ej \u015brednicy. Waga z\u0142ota zale\u017cy od rozmiaru.&nbsp; Szeroko\u015b\u0107 obr\u0105czek wynosi oko\u0142o 6 mm.<\/p>\n","protected":false},"excerpt":{"rendered":"<p>Pier\u015bcionki zar\u0119czynowe z bia\u0142ego i cytrynowego z\u0142ota. Podstawa wykonana jest z rodowanego bia\u0142ego z\u0142ota, a wewn\u0119trzny pier\u015bcie\u0144 z cytrynowego z\u0142ota. Pier\u015bcionek z bia\u0142ego z\u0142ota ma wymodelowany odcisk palca na przedniej stronie i matow\u0105 podstaw\u0119 na ca\u0142ej \u015brednicy. Waga z\u0142ota zale\u017cy od rozmiaru.&nbsp; Szeroko\u015b\u0107 obr\u0105czek wynosi oko\u0142o 6 mm.<\/p>\n","protected":false},"featured_media":47947,"template":"","meta":{"_acf_changed":false},"product_brand":[],"product_cat":[528,530],"product_tag":[],"class_list":{"0":"post-47946","1":"product","2":"type-product","3":"status-publish","4":"has-post-thumbnail","6":"product_cat-wedding-rings-pl","7":"product_cat-combined-wedding-rings-pl","9":"first","10":"instock","11":"product-type-simple"},"acf":[],"_links":{"self":[{"href":"https:\/\/zl.jewelry\/pl\/wp-json\/wp\/v2\/product\/47946","targetHints":{"allow":["GET"]}}],"collection":[{"href":"https:\/\/zl.jewelry\/pl\/wp-json\/wp\/v2\/product"}],"about":[{"href":"https:\/\/zl.jewelry\/pl\/wp-json\/wp\/v2\/types\/product"}],"wp:featuredmedia":[{"embeddable":true,"href":"https:\/\/zl.jewelry\/pl\/wp-json\/wp\/v2\/media\/47947"}],"wp:attachment":[{"href":"https:\/\/zl.jewelry\/pl\/wp-json\/wp\/v2\/media?parent=47946"}],"wp:term":[{"taxonomy":"product_brand","embeddable":true,"href":"https:\/\/zl.jewelry\/pl\/wp-json\/wp\/v2\/product_brand?post=47946"},{"taxonomy":"product_cat","embeddable":true,"href":"https:\/\/zl.jewelry\/pl\/wp-json\/wp\/v2\/product_cat?post=47946"},{"taxonomy":"product_tag","embeddable":true,"href":"https:\/\/zl.jewelry\/pl\/wp-json\/wp\/v2\/product_tag?post=47946"}],"curies":[{"name":"wp","href":"https:\/\/api.w.org\/{rel}","templated":true}]}}