{"id":47938,"date":"2025-06-18T10:52:23","date_gmt":"2025-06-18T10:52:23","guid":{"rendered":"https:\/\/zl.jewelry\/product\/pendant-gorgon-medusa\/"},"modified":"2025-09-26T18:23:42","modified_gmt":"2025-09-26T18:23:42","slug":"pendant-gorgon-medusa","status":"publish","type":"product","link":"https:\/\/zl.jewelry\/pl\/product\/pendant-gorgon-medusa\/","title":{"rendered":"Wisiorek &#8222;Meduza Gorgon&#8221;"},"content":{"rendered":"<p>Wisiorek w kolorze cytrynowego i bia\u0142ego z\u0142ota pr&oacute;by 585*. Waga z\u0142ota w wisiorku wynosi 17,94 grama, \u015brednica 30 mm. Na przedniej stronie znajduje si\u0119 wstawka z wzorami z bia\u0142ego z\u0142ota, z diamentowymi wstawkami, na platformie znajduje si\u0119 wizeplnek Meduzy Gorgony, wok&oacute;\u0142 wisiorka znajduje si\u0119 ornament. Z ty\u0142u po\u015brodku znajduje si\u0119 a\u017curowa gwiazda z bia\u0142ego z\u0142ota, wysadzana diamentami, wok&oacute;\u0142 ornament z cytrynowego z\u0142ota. Na uchu wisiorka znajduj\u0105 si\u0119 wzory z przodu, z ty\u0142u symbol triquetre z bia\u0142ego z\u0142ota. Elementy z bia\u0142ego z\u0142ota pokryte rodem. Wstawione diamenty, \u015brednica 1,5 mm (8 sztuk);&nbsp;1,85 mm (13 sztuk).<\/p>\n<p>_x000D_<\/p>\n","protected":false},"excerpt":{"rendered":"<p>Wisiorek w kolorze cytrynowego i bia\u0142ego z\u0142ota pr&oacute;by 585*. Waga z\u0142ota w wisiorku wynosi 17,94 grama, \u015brednica 30 mm. Na przedniej stronie znajduje si\u0119 wstawka z wzorami z bia\u0142ego z\u0142ota, z diamentowymi wstawkami, na platformie znajduje si\u0119 wizeplnek Meduzy Gorgony, wok&oacute;\u0142 wisiorka znajduje si\u0119 ornament. Z ty\u0142u po\u015brodku znajduje si\u0119 a\u017curowa gwiazda z bia\u0142ego z\u0142ota,&#8230;<\/p>\n","protected":false},"featured_media":47939,"template":"","meta":{"_acf_changed":false},"product_brand":[],"product_cat":[563,566,567,570],"product_tag":[],"class_list":{"0":"post-47938","1":"product","2":"type-product","3":"status-publish","4":"has-post-thumbnail","6":"product_cat-gold-pendants-pl","7":"product_cat-with-cubic-zirconia-2-pl","8":"product_cat-with-diamonds-2-pl","9":"product_cat-with-rocks-2-pl","11":"first","12":"instock","13":"product-type-simple"},"acf":[],"_links":{"self":[{"href":"https:\/\/zl.jewelry\/pl\/wp-json\/wp\/v2\/product\/47938","targetHints":{"allow":["GET"]}}],"collection":[{"href":"https:\/\/zl.jewelry\/pl\/wp-json\/wp\/v2\/product"}],"about":[{"href":"https:\/\/zl.jewelry\/pl\/wp-json\/wp\/v2\/types\/product"}],"wp:featuredmedia":[{"embeddable":true,"href":"https:\/\/zl.jewelry\/pl\/wp-json\/wp\/v2\/media\/47939"}],"wp:attachment":[{"href":"https:\/\/zl.jewelry\/pl\/wp-json\/wp\/v2\/media?parent=47938"}],"wp:term":[{"taxonomy":"product_brand","embeddable":true,"href":"https:\/\/zl.jewelry\/pl\/wp-json\/wp\/v2\/product_brand?post=47938"},{"taxonomy":"product_cat","embeddable":true,"href":"https:\/\/zl.jewelry\/pl\/wp-json\/wp\/v2\/product_cat?post=47938"},{"taxonomy":"product_tag","embeddable":true,"href":"https:\/\/zl.jewelry\/pl\/wp-json\/wp\/v2\/product_tag?post=47938"}],"curies":[{"name":"wp","href":"https:\/\/api.w.org\/{rel}","templated":true}]}}