{"id":47936,"date":"2025-06-18T10:52:23","date_gmt":"2025-06-18T10:52:23","guid":{"rendered":"https:\/\/zl.jewelry\/product\/chain-ramses\/"},"modified":"2025-09-26T18:23:42","modified_gmt":"2025-09-26T18:23:42","slug":"chain-ramses","status":"publish","type":"product","link":"https:\/\/zl.jewelry\/pl\/product\/chain-ramses\/","title":{"rendered":"\u0141a\u0144cuszek &#8222;Ramzes&#8221;"},"content":{"rendered":"<p>Pleciony \u0142a\u0144cuszek &quot;Ramses&quot; o wadze 74,74 grama i d\u0142ugo\u015bci 60 cm. Pude\u0142ko jest spersonalizowane.&nbsp;<\/p>\n<p>_x000D_<\/p>\n","protected":false},"excerpt":{"rendered":"<p>Pleciony \u0142a\u0144cuszek &quot;Ramses&quot; o wadze 74,74 grama i d\u0142ugo\u015bci 60 cm. Pude\u0142ko jest spersonalizowane.&nbsp; _x000D_<\/p>\n","protected":false},"featured_media":47937,"template":"","meta":{"_acf_changed":false},"product_brand":[],"product_cat":[490,492,493],"product_tag":[],"class_list":{"0":"post-47936","1":"product","2":"type-product","3":"status-publish","4":"has-post-thumbnail","6":"product_cat-gold-chains","7":"product_cat-gold-chain-from-50-gr-pl","8":"product_cat-mens-chains-pl","10":"first","11":"instock","12":"product-type-simple"},"acf":[],"_links":{"self":[{"href":"https:\/\/zl.jewelry\/pl\/wp-json\/wp\/v2\/product\/47936","targetHints":{"allow":["GET"]}}],"collection":[{"href":"https:\/\/zl.jewelry\/pl\/wp-json\/wp\/v2\/product"}],"about":[{"href":"https:\/\/zl.jewelry\/pl\/wp-json\/wp\/v2\/types\/product"}],"wp:featuredmedia":[{"embeddable":true,"href":"https:\/\/zl.jewelry\/pl\/wp-json\/wp\/v2\/media\/47937"}],"wp:attachment":[{"href":"https:\/\/zl.jewelry\/pl\/wp-json\/wp\/v2\/media?parent=47936"}],"wp:term":[{"taxonomy":"product_brand","embeddable":true,"href":"https:\/\/zl.jewelry\/pl\/wp-json\/wp\/v2\/product_brand?post=47936"},{"taxonomy":"product_cat","embeddable":true,"href":"https:\/\/zl.jewelry\/pl\/wp-json\/wp\/v2\/product_cat?post=47936"},{"taxonomy":"product_tag","embeddable":true,"href":"https:\/\/zl.jewelry\/pl\/wp-json\/wp\/v2\/product_tag?post=47936"}],"curies":[{"name":"wp","href":"https:\/\/api.w.org\/{rel}","templated":true}]}}