{"id":47934,"date":"2025-06-18T10:52:23","date_gmt":"2025-06-18T10:52:23","guid":{"rendered":"https:\/\/zl.jewelry\/product\/wedding-ring-magic-of-love\/"},"modified":"2025-09-26T18:23:42","modified_gmt":"2025-09-26T18:23:42","slug":"wedding-ring-magic-of-love","status":"publish","type":"product","link":"https:\/\/zl.jewelry\/pl\/product\/wedding-ring-magic-of-love\/","title":{"rendered":"Pier\u015bcionek zar\u0119czynowy &#8222;Magia mi\u0142o\u015bci&#8221;"},"content":{"rendered":"<p>Obr\u0105czki wykonane s\u0105 z czerwonego z\u0142ota pr&oacute;by 585.&nbsp; Przybli\u017cona waga pary to 25 gram.&nbsp; W obr\u0105czce damskiej w rozmiarze 18.4 szeroko\u015b\u0107 obr\u0105czki wynosi 7mm, w obr\u0105czce m\u0119skiej w rozmiarze 20.7 szeroko\u015b\u0107 obr\u0105czki wynosi 10mm. Grubo\u015b\u0107 obr\u0105czek wynosi 1,2 mm.<\/p>\n<p>_x000D_<\/p>\n","protected":false},"excerpt":{"rendered":"<p>Obr\u0105czki wykonane s\u0105 z czerwonego z\u0142ota pr&oacute;by 585.&nbsp; Przybli\u017cona waga pary to 25 gram.&nbsp; W obr\u0105czce damskiej w rozmiarze 18.4 szeroko\u015b\u0107 obr\u0105czki wynosi 7mm, w obr\u0105czce m\u0119skiej w rozmiarze 20.7 szeroko\u015b\u0107 obr\u0105czki wynosi 10mm. Grubo\u015b\u0107 obr\u0105czek wynosi 1,2 mm. _x000D_<\/p>\n","protected":false},"featured_media":47935,"template":"","meta":{"_acf_changed":false},"product_brand":[],"product_cat":[528,533],"product_tag":[],"class_list":{"0":"post-47934","1":"product","2":"type-product","3":"status-publish","4":"has-post-thumbnail","6":"product_cat-wedding-rings-pl","7":"product_cat-red-gold-wedding-rings-pl","9":"first","10":"instock","11":"product-type-simple"},"acf":[],"_links":{"self":[{"href":"https:\/\/zl.jewelry\/pl\/wp-json\/wp\/v2\/product\/47934","targetHints":{"allow":["GET"]}}],"collection":[{"href":"https:\/\/zl.jewelry\/pl\/wp-json\/wp\/v2\/product"}],"about":[{"href":"https:\/\/zl.jewelry\/pl\/wp-json\/wp\/v2\/types\/product"}],"wp:featuredmedia":[{"embeddable":true,"href":"https:\/\/zl.jewelry\/pl\/wp-json\/wp\/v2\/media\/47935"}],"wp:attachment":[{"href":"https:\/\/zl.jewelry\/pl\/wp-json\/wp\/v2\/media?parent=47934"}],"wp:term":[{"taxonomy":"product_brand","embeddable":true,"href":"https:\/\/zl.jewelry\/pl\/wp-json\/wp\/v2\/product_brand?post=47934"},{"taxonomy":"product_cat","embeddable":true,"href":"https:\/\/zl.jewelry\/pl\/wp-json\/wp\/v2\/product_cat?post=47934"},{"taxonomy":"product_tag","embeddable":true,"href":"https:\/\/zl.jewelry\/pl\/wp-json\/wp\/v2\/product_tag?post=47934"}],"curies":[{"name":"wp","href":"https:\/\/api.w.org\/{rel}","templated":true}]}}