{"id":47926,"date":"2025-06-18T10:52:23","date_gmt":"2025-06-18T10:52:23","guid":{"rendered":"https:\/\/zl.jewelry\/product\/transformer-earrings-ukrainian\/"},"modified":"2025-09-26T18:23:41","modified_gmt":"2025-09-26T18:23:41","slug":"transformer-earrings-ukrainian","status":"publish","type":"product","link":"https:\/\/zl.jewelry\/pl\/product\/transformer-earrings-ukrainian\/","title":{"rendered":"Kolczyki-transforme &#8222;Ukrainka&#8221;"},"content":{"rendered":"<p>Kolczyki Transformer z czerwonego z\u0142ota pr&oacute;by 585*, wa\u017c\u0105ce 6,84 grama. Wisiorek z tr&oacute;jz\u0119bem w rozmiarze 18 mm.<\/p>\n<p>_x000D_<\/p>\n","protected":false},"excerpt":{"rendered":"<p>Kolczyki Transformer z czerwonego z\u0142ota pr&oacute;by 585*, wa\u017c\u0105ce 6,84 grama. Wisiorek z tr&oacute;jz\u0119bem w rozmiarze 18 mm. _x000D_<\/p>\n","protected":false},"featured_media":47927,"template":"","meta":{"_acf_changed":false},"product_brand":[],"product_cat":[538,542,543,544,547],"product_tag":[],"class_list":{"0":"post-47926","1":"product","2":"type-product","3":"status-publish","4":"has-post-thumbnail","6":"product_cat-gold-earrings-pl","7":"product_cat-drop-earrings-pl","8":"product_cat-earrings-transformers-pl","9":"product_cat-earrings-from-5gr-pl","10":"product_cat-earrings-without-inserts-pl","12":"first","13":"instock","14":"product-type-simple"},"acf":[],"_links":{"self":[{"href":"https:\/\/zl.jewelry\/pl\/wp-json\/wp\/v2\/product\/47926","targetHints":{"allow":["GET"]}}],"collection":[{"href":"https:\/\/zl.jewelry\/pl\/wp-json\/wp\/v2\/product"}],"about":[{"href":"https:\/\/zl.jewelry\/pl\/wp-json\/wp\/v2\/types\/product"}],"wp:featuredmedia":[{"embeddable":true,"href":"https:\/\/zl.jewelry\/pl\/wp-json\/wp\/v2\/media\/47927"}],"wp:attachment":[{"href":"https:\/\/zl.jewelry\/pl\/wp-json\/wp\/v2\/media?parent=47926"}],"wp:term":[{"taxonomy":"product_brand","embeddable":true,"href":"https:\/\/zl.jewelry\/pl\/wp-json\/wp\/v2\/product_brand?post=47926"},{"taxonomy":"product_cat","embeddable":true,"href":"https:\/\/zl.jewelry\/pl\/wp-json\/wp\/v2\/product_cat?post=47926"},{"taxonomy":"product_tag","embeddable":true,"href":"https:\/\/zl.jewelry\/pl\/wp-json\/wp\/v2\/product_tag?post=47926"}],"curies":[{"name":"wp","href":"https:\/\/api.w.org\/{rel}","templated":true}]}}