{"id":47924,"date":"2025-06-18T10:52:23","date_gmt":"2025-06-18T10:52:23","guid":{"rendered":"https:\/\/zl.jewelry\/product\/cross-guardians\/"},"modified":"2025-09-26T18:23:41","modified_gmt":"2025-09-26T18:23:41","slug":"cross-guardians","status":"publish","type":"product","link":"https:\/\/zl.jewelry\/pl\/product\/cross-guardians\/","title":{"rendered":"Krzy\u017c &#8222;Stra\u017cnicy&#8221;"},"content":{"rendered":"<p>Krzy\u017cyk z bia\u0142ego i cytrynowego z\u0142ota, pr\u00f3by 585*, na drewnianej podstawie. Waga z\u0142ota w krzy\u017cu wynosi 32,63 grama. Tabliczki znamionowe i kplcyfiks z bia\u0142ego z\u0142ota, nukleowane. Ucho na drewnianej podstawie. Na ko\u0144cu modlitwa z cytrynowego z\u0142ota. Wysoko\u015b\u0107 krzy\u017ca wynosi oko\u0142o 60 mm.<\/p>\n","protected":false},"excerpt":{"rendered":"<p>Krzy\u017cyk z bia\u0142ego i cytrynowego z\u0142ota, pr\u00f3by 585*, na drewnianej podstawie. Waga z\u0142ota w krzy\u017cu wynosi 32,63 grama. Tabliczki znamionowe i kplcyfiks z bia\u0142ego z\u0142ota, nukleowane. Ucho na drewnianej podstawie. Na ko\u0144cu modlitwa z cytrynowego z\u0142ota. Wysoko\u015b\u0107 krzy\u017ca wynosi oko\u0142o 60 mm.<\/p>\n","protected":false},"featured_media":47925,"template":"","meta":{"_acf_changed":false},"product_brand":[],"product_cat":[504,507,510,511],"product_tag":[],"class_list":{"0":"post-47924","1":"product","2":"type-product","3":"status-publish","4":"has-post-thumbnail","6":"product_cat-golden-crosses-pl","7":"product_cat-exclusive-golden-handmade-crosses-pl","8":"product_cat-mens-crosses-pl","9":"product_cat-on-an-ebony-tree-2-pl","11":"first","12":"instock","13":"product-type-simple"},"acf":[],"_links":{"self":[{"href":"https:\/\/zl.jewelry\/pl\/wp-json\/wp\/v2\/product\/47924","targetHints":{"allow":["GET"]}}],"collection":[{"href":"https:\/\/zl.jewelry\/pl\/wp-json\/wp\/v2\/product"}],"about":[{"href":"https:\/\/zl.jewelry\/pl\/wp-json\/wp\/v2\/types\/product"}],"wp:featuredmedia":[{"embeddable":true,"href":"https:\/\/zl.jewelry\/pl\/wp-json\/wp\/v2\/media\/47925"}],"wp:attachment":[{"href":"https:\/\/zl.jewelry\/pl\/wp-json\/wp\/v2\/media?parent=47924"}],"wp:term":[{"taxonomy":"product_brand","embeddable":true,"href":"https:\/\/zl.jewelry\/pl\/wp-json\/wp\/v2\/product_brand?post=47924"},{"taxonomy":"product_cat","embeddable":true,"href":"https:\/\/zl.jewelry\/pl\/wp-json\/wp\/v2\/product_cat?post=47924"},{"taxonomy":"product_tag","embeddable":true,"href":"https:\/\/zl.jewelry\/pl\/wp-json\/wp\/v2\/product_tag?post=47924"}],"curies":[{"name":"wp","href":"https:\/\/api.w.org\/{rel}","templated":true}]}}