{"id":47906,"date":"2025-06-18T10:52:30","date_gmt":"2025-06-18T10:52:30","guid":{"rendered":"https:\/\/zl.jewelry\/product\/icon-charm\/"},"modified":"2025-09-26T18:23:48","modified_gmt":"2025-09-26T18:23:48","slug":"icon-charm","status":"publish","type":"product","link":"https:\/\/zl.jewelry\/pl\/product\/icon-charm\/","title":{"rendered":"Ikona &#8222;Obereg&#8221;"},"content":{"rendered":"<p>Ikona w po\u0142\u0105czeniu kolor\u00f3w czerwonego i bia\u0142ego z\u0142ota, na drewnianej podstawie.&nbsp; Wysoko\u015b\u0107 ikony bez ucha wynosi 45mm. Na przedniej stronie znajduj\u0105 si\u0119 wstawki z twarzami \u015bwi\u0119tych w czerwonym z\u0142ocie, wstawka w centrum Jezusa, modlitwy i chrestov w bia\u0142ym z\u0142ocie.&nbsp; Na ko\u0144cowych stronach znajduj\u0105 si\u0119 nak\u0142adki z imionami \u015bwi\u0119tych i wzorami. Z ty\u0142u znajduje si\u0119 pe\u0142ny tekst modlitwy &#8222;Ojcze nasz&#8221;. Na uchu po przedniej stronie znajduje si\u0119 czerwona z\u0142ota wk\u0142adka z obliczem Tr\u00f3jcy \u015awi\u0119tej, z wzorami na odwrocie. Wstawki z bia\u0142ego z\u0142ota pokryte rodem. Waga z\u0142ota w tej ikonie wynosi 51,41 gram\u00f3w..<\/p>\n","protected":false},"excerpt":{"rendered":"<p>Ikona w po\u0142\u0105czeniu kolor\u00f3w czerwonego i bia\u0142ego z\u0142ota, na drewnianej podstawie.&nbsp; Wysoko\u015b\u0107 ikony bez ucha wynosi 45mm. Na przedniej stronie znajduj\u0105 si\u0119 wstawki z twarzami \u015bwi\u0119tych w czerwonym z\u0142ocie, wstawka w centrum Jezusa, modlitwy i chrestov w bia\u0142ym z\u0142ocie.&nbsp; Na ko\u0144cowych stronach znajduj\u0105 si\u0119 nak\u0142adki z imionami \u015bwi\u0119tych i wzorami. Z ty\u0142u znajduje si\u0119 pe\u0142ny&#8230;<\/p>\n","protected":false},"featured_media":47907,"template":"","meta":{"_acf_changed":false},"product_brand":[],"product_cat":[500,502],"product_tag":[],"class_list":{"0":"post-47906","1":"product","2":"type-product","3":"status-publish","4":"has-post-thumbnail","6":"product_cat-golden-icons-pl","7":"product_cat-on-an-ebony-tree-pl","9":"first","10":"instock","11":"product-type-simple"},"acf":[],"_links":{"self":[{"href":"https:\/\/zl.jewelry\/pl\/wp-json\/wp\/v2\/product\/47906","targetHints":{"allow":["GET"]}}],"collection":[{"href":"https:\/\/zl.jewelry\/pl\/wp-json\/wp\/v2\/product"}],"about":[{"href":"https:\/\/zl.jewelry\/pl\/wp-json\/wp\/v2\/types\/product"}],"wp:featuredmedia":[{"embeddable":true,"href":"https:\/\/zl.jewelry\/pl\/wp-json\/wp\/v2\/media\/47907"}],"wp:attachment":[{"href":"https:\/\/zl.jewelry\/pl\/wp-json\/wp\/v2\/media?parent=47906"}],"wp:term":[{"taxonomy":"product_brand","embeddable":true,"href":"https:\/\/zl.jewelry\/pl\/wp-json\/wp\/v2\/product_brand?post=47906"},{"taxonomy":"product_cat","embeddable":true,"href":"https:\/\/zl.jewelry\/pl\/wp-json\/wp\/v2\/product_cat?post=47906"},{"taxonomy":"product_tag","embeddable":true,"href":"https:\/\/zl.jewelry\/pl\/wp-json\/wp\/v2\/product_tag?post=47906"}],"curies":[{"name":"wp","href":"https:\/\/api.w.org\/{rel}","templated":true}]}}