{"id":47895,"date":"2025-06-18T10:52:30","date_gmt":"2025-06-18T10:52:30","guid":{"rendered":"https:\/\/zl.jewelry\/product\/wedding-rings-wings-of-love\/"},"modified":"2025-09-26T18:23:48","modified_gmt":"2025-09-26T18:23:48","slug":"wedding-rings-wings-of-love","status":"publish","type":"product","link":"https:\/\/zl.jewelry\/pl\/product\/wedding-rings-wings-of-love\/","title":{"rendered":"Obr\u0105czki \u015blubne &#8222;Skrzyd\u0142a mi\u0142o\u015bci&#8221;"},"content":{"rendered":"<p>Pier\u015bcionki zar\u0119czynowe z bia\u0142ego z\u0142ota, rodowane. Na przedniej stronie obr\u0105czek wymodelowany rysunek pary w formie skrzyde\u0142. Szeroko\u015b\u0107 obr\u0105czek wynosi 6 mm. Wk\u0142adki bezbarwne i czarne fianity (na \u017cyczenie mo\u017cna umie\u015bci\u0107 inne kamienie), \u015brednica 1,5 mm (16 szt.); 1,25 mm (4 szt.). Waga bi\u017cuterii zale\u017cy od rozmiaru.<\/p>\n<p>_x000D_<\/p>\n","protected":false},"excerpt":{"rendered":"<p>Pier\u015bcionki zar\u0119czynowe z bia\u0142ego z\u0142ota, rodowane. Na przedniej stronie obr\u0105czek wymodelowany rysunek pary w formie skrzyde\u0142. Szeroko\u015b\u0107 obr\u0105czek wynosi 6 mm. Wk\u0142adki bezbarwne i czarne fianity (na \u017cyczenie mo\u017cna umie\u015bci\u0107 inne kamienie), \u015brednica 1,5 mm (16 szt.); 1,25 mm (4 szt.). Waga bi\u017cuterii zale\u017cy od rozmiaru. _x000D_<\/p>\n","protected":false},"featured_media":47901,"template":"","meta":{"_acf_changed":false},"product_brand":[],"product_cat":[528,536,537,535],"product_tag":[],"class_list":{"0":"post-47895","1":"product","2":"type-product","3":"status-publish","4":"has-post-thumbnail","6":"product_cat-wedding-rings-pl","7":"product_cat-white-gold-wedding-rings-pl","8":"product_cat-with-rocks-4-pl","9":"product_cat-wedding-rings-with-diamonds-pl","11":"first","12":"instock","13":"product-type-simple"},"acf":[],"_links":{"self":[{"href":"https:\/\/zl.jewelry\/pl\/wp-json\/wp\/v2\/product\/47895","targetHints":{"allow":["GET"]}}],"collection":[{"href":"https:\/\/zl.jewelry\/pl\/wp-json\/wp\/v2\/product"}],"about":[{"href":"https:\/\/zl.jewelry\/pl\/wp-json\/wp\/v2\/types\/product"}],"wp:featuredmedia":[{"embeddable":true,"href":"https:\/\/zl.jewelry\/pl\/wp-json\/wp\/v2\/media\/47901"}],"wp:attachment":[{"href":"https:\/\/zl.jewelry\/pl\/wp-json\/wp\/v2\/media?parent=47895"}],"wp:term":[{"taxonomy":"product_brand","embeddable":true,"href":"https:\/\/zl.jewelry\/pl\/wp-json\/wp\/v2\/product_brand?post=47895"},{"taxonomy":"product_cat","embeddable":true,"href":"https:\/\/zl.jewelry\/pl\/wp-json\/wp\/v2\/product_cat?post=47895"},{"taxonomy":"product_tag","embeddable":true,"href":"https:\/\/zl.jewelry\/pl\/wp-json\/wp\/v2\/product_tag?post=47895"}],"curies":[{"name":"wp","href":"https:\/\/api.w.org\/{rel}","templated":true}]}}