{"id":47883,"date":"2025-06-18T10:52:30","date_gmt":"2025-06-18T10:52:30","guid":{"rendered":"https:\/\/zl.jewelry\/product\/wedding-rings-solar-circle\/"},"modified":"2025-09-26T18:23:46","modified_gmt":"2025-09-26T18:23:46","slug":"wedding-rings-solar-circle","status":"publish","type":"product","link":"https:\/\/zl.jewelry\/pl\/product\/wedding-rings-solar-circle\/","title":{"rendered":"Obr\u0105czki \u015blubne &#8222;S\u0142oneczny kr\u0105g&#8221;"},"content":{"rendered":"<p>Pier\u015bcionki zar\u0119czynowe z cytrynowego z\u0142ota. Szeroko\u015b\u0107 obr\u0105czki 2,5 mm. Pier\u015bcionki z matow\u0105 powierzchni\u0105<\/p>\n<p>_x000D_<\/p>\n","protected":false},"excerpt":{"rendered":"<p>Pier\u015bcionki zar\u0119czynowe z cytrynowego z\u0142ota. Szeroko\u015b\u0107 obr\u0105czki 2,5 mm. Pier\u015bcionki z matow\u0105 powierzchni\u0105 _x000D_<\/p>\n","protected":false},"featured_media":47884,"template":"","meta":{"_acf_changed":false},"product_brand":[],"product_cat":[528,532],"product_tag":[],"class_list":{"0":"post-47883","1":"product","2":"type-product","3":"status-publish","4":"has-post-thumbnail","6":"product_cat-wedding-rings-pl","7":"product_cat-lemon-gold-wedding-rings-pl","9":"first","10":"instock","11":"product-type-simple"},"acf":[],"_links":{"self":[{"href":"https:\/\/zl.jewelry\/pl\/wp-json\/wp\/v2\/product\/47883","targetHints":{"allow":["GET"]}}],"collection":[{"href":"https:\/\/zl.jewelry\/pl\/wp-json\/wp\/v2\/product"}],"about":[{"href":"https:\/\/zl.jewelry\/pl\/wp-json\/wp\/v2\/types\/product"}],"wp:featuredmedia":[{"embeddable":true,"href":"https:\/\/zl.jewelry\/pl\/wp-json\/wp\/v2\/media\/47884"}],"wp:attachment":[{"href":"https:\/\/zl.jewelry\/pl\/wp-json\/wp\/v2\/media?parent=47883"}],"wp:term":[{"taxonomy":"product_brand","embeddable":true,"href":"https:\/\/zl.jewelry\/pl\/wp-json\/wp\/v2\/product_brand?post=47883"},{"taxonomy":"product_cat","embeddable":true,"href":"https:\/\/zl.jewelry\/pl\/wp-json\/wp\/v2\/product_cat?post=47883"},{"taxonomy":"product_tag","embeddable":true,"href":"https:\/\/zl.jewelry\/pl\/wp-json\/wp\/v2\/product_tag?post=47883"}],"curies":[{"name":"wp","href":"https:\/\/api.w.org\/{rel}","templated":true}]}}