{"id":47868,"date":"2025-06-18T10:52:30","date_gmt":"2025-06-18T10:52:30","guid":{"rendered":"https:\/\/zl.jewelry\/product\/ring-character-traits\/"},"modified":"2025-09-26T18:23:46","modified_gmt":"2025-09-26T18:23:46","slug":"ring-character-traits","status":"publish","type":"product","link":"https:\/\/zl.jewelry\/pl\/product\/ring-character-traits\/","title":{"rendered":"Pier\u015bcionek &#8222;Cechy charakteru&#8221;"},"content":{"rendered":"<p>Pier\u015bcionek z czerwonego z\u0142ota, z ruchomymi kamieniami. Waga zmienia si\u0119 w zale\u017cno\u015bci od rozmiaru, przy rozmiarze 17,5 waga z\u0142ota w pier\u015bcionku wynosi 11 gram\u00f3w. Wk\u0142adki, kamienie o \u015brednicy 2,75mm (3szt), mog\u0105 by\u0107 ustawione dowolnie na \u017cyczenie klienta.<\/p>\n","protected":false},"excerpt":{"rendered":"<p>Pier\u015bcionek z czerwonego z\u0142ota, z ruchomymi kamieniami. Waga zmienia si\u0119 w zale\u017cno\u015bci od rozmiaru, przy rozmiarze 17,5 waga z\u0142ota w pier\u015bcionku wynosi 11 gram\u00f3w. Wk\u0142adki, kamienie o \u015brednicy 2,75mm (3szt), mog\u0105 by\u0107 ustawione dowolnie na \u017cyczenie klienta.<\/p>\n","protected":false},"featured_media":47869,"template":"","meta":{"_acf_changed":false},"product_brand":[],"product_cat":[514,516,518,519,522],"product_tag":[],"class_list":{"0":"post-47868","1":"product","2":"type-product","3":"status-publish","4":"has-post-thumbnail","6":"product_cat-golden-rings-pl","7":"product_cat-massive-pl","8":"product_cat-red-gold-rings-pl","9":"product_cat-rings-with-diamonds-pl","10":"product_cat-with-rocks-pl","12":"first","13":"instock","14":"product-type-simple"},"acf":[],"_links":{"self":[{"href":"https:\/\/zl.jewelry\/pl\/wp-json\/wp\/v2\/product\/47868","targetHints":{"allow":["GET"]}}],"collection":[{"href":"https:\/\/zl.jewelry\/pl\/wp-json\/wp\/v2\/product"}],"about":[{"href":"https:\/\/zl.jewelry\/pl\/wp-json\/wp\/v2\/types\/product"}],"wp:featuredmedia":[{"embeddable":true,"href":"https:\/\/zl.jewelry\/pl\/wp-json\/wp\/v2\/media\/47869"}],"wp:attachment":[{"href":"https:\/\/zl.jewelry\/pl\/wp-json\/wp\/v2\/media?parent=47868"}],"wp:term":[{"taxonomy":"product_brand","embeddable":true,"href":"https:\/\/zl.jewelry\/pl\/wp-json\/wp\/v2\/product_brand?post=47868"},{"taxonomy":"product_cat","embeddable":true,"href":"https:\/\/zl.jewelry\/pl\/wp-json\/wp\/v2\/product_cat?post=47868"},{"taxonomy":"product_tag","embeddable":true,"href":"https:\/\/zl.jewelry\/pl\/wp-json\/wp\/v2\/product_tag?post=47868"}],"curies":[{"name":"wp","href":"https:\/\/api.w.org\/{rel}","templated":true}]}}