{"id":47850,"date":"2025-06-18T10:52:37","date_gmt":"2025-06-18T10:52:37","guid":{"rendered":"https:\/\/zl.jewelry\/product\/studs-pearl-paradise\/"},"modified":"2025-09-26T18:23:53","modified_gmt":"2025-09-26T18:23:53","slug":"studs-pearl-paradise","status":"publish","type":"product","link":"https:\/\/zl.jewelry\/pl\/product\/studs-pearl-paradise\/","title":{"rendered":"Pusettes &#8222;Pearl Paradise&#8221;"},"content":{"rendered":"<p>Kolczyki &#8211; puzety z bia\u0142ego z\u0142ota, platerowane rodem. Waga z\u0142ota w kolczykach to 1,37 grama. Wk\u0142adki &#8211; per\u0142y o \u015brednicy 10mm.&nbsp;<\/p>\n<p>_x000D_<\/p>\n","protected":false},"excerpt":{"rendered":"<p>Kolczyki &#8211; puzety z bia\u0142ego z\u0142ota, platerowane rodem. Waga z\u0142ota w kolczykach to 1,37 grama. Wk\u0142adki &#8211; per\u0142y o \u015brednicy 10mm.&nbsp; _x000D_<\/p>\n","protected":false},"featured_media":47851,"template":"","meta":{"_acf_changed":false},"product_brand":[],"product_cat":[538,545,549,551],"product_tag":[],"class_list":{"0":"post-47850","1":"product","2":"type-product","3":"status-publish","4":"has-post-thumbnail","6":"product_cat-gold-earrings-pl","7":"product_cat-earrings-up-to-5g-pl","8":"product_cat-studs-pl","9":"product_cat-with-pearls-2-pl","11":"first","12":"instock","13":"product-type-simple"},"acf":[],"_links":{"self":[{"href":"https:\/\/zl.jewelry\/pl\/wp-json\/wp\/v2\/product\/47850","targetHints":{"allow":["GET"]}}],"collection":[{"href":"https:\/\/zl.jewelry\/pl\/wp-json\/wp\/v2\/product"}],"about":[{"href":"https:\/\/zl.jewelry\/pl\/wp-json\/wp\/v2\/types\/product"}],"wp:featuredmedia":[{"embeddable":true,"href":"https:\/\/zl.jewelry\/pl\/wp-json\/wp\/v2\/media\/47851"}],"wp:attachment":[{"href":"https:\/\/zl.jewelry\/pl\/wp-json\/wp\/v2\/media?parent=47850"}],"wp:term":[{"taxonomy":"product_brand","embeddable":true,"href":"https:\/\/zl.jewelry\/pl\/wp-json\/wp\/v2\/product_brand?post=47850"},{"taxonomy":"product_cat","embeddable":true,"href":"https:\/\/zl.jewelry\/pl\/wp-json\/wp\/v2\/product_cat?post=47850"},{"taxonomy":"product_tag","embeddable":true,"href":"https:\/\/zl.jewelry\/pl\/wp-json\/wp\/v2\/product_tag?post=47850"}],"curies":[{"name":"wp","href":"https:\/\/api.w.org\/{rel}","templated":true}]}}