{"id":47840,"date":"2025-06-18T10:52:37","date_gmt":"2025-06-18T10:52:37","guid":{"rendered":"https:\/\/zl.jewelry\/product\/cross-amulet\/"},"modified":"2025-09-26T18:23:52","modified_gmt":"2025-09-26T18:23:52","slug":"cross-amulet","status":"publish","type":"product","link":"https:\/\/zl.jewelry\/pl\/product\/cross-amulet\/","title":{"rendered":"Krzy\u017c &#8222;Obereg&#8221;"},"content":{"rendered":"<p>Krzy\u017c z czerwonego z\u0142ota pr&oacute;by 585*, z niello, waga oko\u0142o 40 gram&oacute;w. Wysoko\u015b\u0107 krzy\u017ca wynosi 66 mm.<\/p>\n<p>_x000D_<\/p>\n","protected":false},"excerpt":{"rendered":"<p>Krzy\u017c z czerwonego z\u0142ota pr&oacute;by 585*, z niello, waga oko\u0142o 40 gram&oacute;w. Wysoko\u015b\u0107 krzy\u017ca wynosi 66 mm. _x000D_<\/p>\n","protected":false},"featured_media":47841,"template":"","meta":{"_acf_changed":false},"product_brand":[],"product_cat":[507,510,504],"product_tag":[],"class_list":{"0":"post-47840","1":"product","2":"type-product","3":"status-publish","4":"has-post-thumbnail","6":"product_cat-exclusive-golden-handmade-crosses-pl","7":"product_cat-mens-crosses-pl","8":"product_cat-golden-crosses-pl","10":"first","11":"instock","12":"product-type-simple"},"acf":[],"_links":{"self":[{"href":"https:\/\/zl.jewelry\/pl\/wp-json\/wp\/v2\/product\/47840","targetHints":{"allow":["GET"]}}],"collection":[{"href":"https:\/\/zl.jewelry\/pl\/wp-json\/wp\/v2\/product"}],"about":[{"href":"https:\/\/zl.jewelry\/pl\/wp-json\/wp\/v2\/types\/product"}],"wp:featuredmedia":[{"embeddable":true,"href":"https:\/\/zl.jewelry\/pl\/wp-json\/wp\/v2\/media\/47841"}],"wp:attachment":[{"href":"https:\/\/zl.jewelry\/pl\/wp-json\/wp\/v2\/media?parent=47840"}],"wp:term":[{"taxonomy":"product_brand","embeddable":true,"href":"https:\/\/zl.jewelry\/pl\/wp-json\/wp\/v2\/product_brand?post=47840"},{"taxonomy":"product_cat","embeddable":true,"href":"https:\/\/zl.jewelry\/pl\/wp-json\/wp\/v2\/product_cat?post=47840"},{"taxonomy":"product_tag","embeddable":true,"href":"https:\/\/zl.jewelry\/pl\/wp-json\/wp\/v2\/product_tag?post=47840"}],"curies":[{"name":"wp","href":"https:\/\/api.w.org\/{rel}","templated":true}]}}