{"id":47836,"date":"2025-06-18T10:52:37","date_gmt":"2025-06-18T10:52:37","guid":{"rendered":"https:\/\/zl.jewelry\/product\/wedding-rings-magic-of-words\/"},"modified":"2025-09-26T18:23:51","modified_gmt":"2025-09-26T18:23:51","slug":"wedding-rings-magic-of-words","status":"publish","type":"product","link":"https:\/\/zl.jewelry\/pl\/product\/wedding-rings-magic-of-words\/","title":{"rendered":"Obr\u0105czka \u015blubna &#8222;Magia s\u0142\u00f3w&#8221;"},"content":{"rendered":"","protected":false},"excerpt":{"rendered":"","protected":false},"featured_media":47837,"template":"","meta":{"_acf_changed":false},"product_brand":[],"product_cat":[528,530,537,535,531,534],"product_tag":[],"class_list":{"0":"post-47836","1":"product","2":"type-product","3":"status-publish","4":"has-post-thumbnail","6":"product_cat-wedding-rings-pl","7":"product_cat-combined-wedding-rings-pl","8":"product_cat-with-rocks-4-pl","9":"product_cat-wedding-rings-with-diamonds-pl","10":"product_cat-elite-wedding-rings-pl","11":"product_cat-transformer-pl","13":"first","14":"instock","15":"product-type-simple"},"acf":[],"_links":{"self":[{"href":"https:\/\/zl.jewelry\/pl\/wp-json\/wp\/v2\/product\/47836","targetHints":{"allow":["GET"]}}],"collection":[{"href":"https:\/\/zl.jewelry\/pl\/wp-json\/wp\/v2\/product"}],"about":[{"href":"https:\/\/zl.jewelry\/pl\/wp-json\/wp\/v2\/types\/product"}],"wp:featuredmedia":[{"embeddable":true,"href":"https:\/\/zl.jewelry\/pl\/wp-json\/wp\/v2\/media\/47837"}],"wp:attachment":[{"href":"https:\/\/zl.jewelry\/pl\/wp-json\/wp\/v2\/media?parent=47836"}],"wp:term":[{"taxonomy":"product_brand","embeddable":true,"href":"https:\/\/zl.jewelry\/pl\/wp-json\/wp\/v2\/product_brand?post=47836"},{"taxonomy":"product_cat","embeddable":true,"href":"https:\/\/zl.jewelry\/pl\/wp-json\/wp\/v2\/product_cat?post=47836"},{"taxonomy":"product_tag","embeddable":true,"href":"https:\/\/zl.jewelry\/pl\/wp-json\/wp\/v2\/product_tag?post=47836"}],"curies":[{"name":"wp","href":"https:\/\/api.w.org\/{rel}","templated":true}]}}