{"id":47794,"date":"2025-06-18T10:52:43","date_gmt":"2025-06-18T10:52:43","guid":{"rendered":"https:\/\/zl.jewelry\/product\/rope-armor-of-god\/"},"modified":"2025-09-26T18:23:57","modified_gmt":"2025-09-26T18:23:57","slug":"rope-armor-of-god","status":"publish","type":"product","link":"https:\/\/zl.jewelry\/pl\/product\/rope-armor-of-god\/","title":{"rendered":"Lina &#8222;Boska zbroja&#8221;"},"content":{"rendered":"<p>Sznur jubilerski z wk\u0142adkami z czerwonego z\u0142ota.&nbsp; Waga w bi\u017cuterii zale\u017cy od \u015brednicy sznura, ilo\u015bci wk\u0142adek. Przy \u015brednicy sznura 4mm i przybli\u017conej ilo\u015bci 4 wk\u0142adek + zamek, waga z\u0142ota wynosi 14,56 grama. Zamkni\u0119cie jest okr\u0105g\u0142e, z jednym zamkiem.<\/p>\n<p>_x000D_<\/p>\n","protected":false},"excerpt":{"rendered":"<p>Sznur jubilerski z wk\u0142adkami z czerwonego z\u0142ota.&nbsp; Waga w bi\u017cuterii zale\u017cy od \u015brednicy sznura, ilo\u015bci wk\u0142adek. Przy \u015brednicy sznura 4mm i przybli\u017conej ilo\u015bci 4 wk\u0142adek + zamek, waga z\u0142ota wynosi 14,56 grama. Zamkni\u0119cie jest okr\u0105g\u0142e, z jednym zamkiem. _x000D_<\/p>\n","protected":false},"featured_media":47795,"template":"","meta":{"_acf_changed":false},"product_brand":[],"product_cat":[497,499,496],"product_tag":[],"class_list":{"0":"post-47794","1":"product","2":"type-product","3":"status-publish","4":"has-post-thumbnail","6":"product_cat-childrens-womens-pl","7":"product_cat-nylon-mens-pl","8":"product_cat-jewelry-laces-pl","10":"first","11":"instock","12":"product-type-simple"},"acf":[],"_links":{"self":[{"href":"https:\/\/zl.jewelry\/pl\/wp-json\/wp\/v2\/product\/47794","targetHints":{"allow":["GET"]}}],"collection":[{"href":"https:\/\/zl.jewelry\/pl\/wp-json\/wp\/v2\/product"}],"about":[{"href":"https:\/\/zl.jewelry\/pl\/wp-json\/wp\/v2\/types\/product"}],"wp:featuredmedia":[{"embeddable":true,"href":"https:\/\/zl.jewelry\/pl\/wp-json\/wp\/v2\/media\/47795"}],"wp:attachment":[{"href":"https:\/\/zl.jewelry\/pl\/wp-json\/wp\/v2\/media?parent=47794"}],"wp:term":[{"taxonomy":"product_brand","embeddable":true,"href":"https:\/\/zl.jewelry\/pl\/wp-json\/wp\/v2\/product_brand?post=47794"},{"taxonomy":"product_cat","embeddable":true,"href":"https:\/\/zl.jewelry\/pl\/wp-json\/wp\/v2\/product_cat?post=47794"},{"taxonomy":"product_tag","embeddable":true,"href":"https:\/\/zl.jewelry\/pl\/wp-json\/wp\/v2\/product_tag?post=47794"}],"curies":[{"name":"wp","href":"https:\/\/api.w.org\/{rel}","templated":true}]}}