{"id":47784,"date":"2025-06-18T10:52:43","date_gmt":"2025-06-18T10:52:43","guid":{"rendered":"https:\/\/zl.jewelry\/product\/chain-mosaic\/"},"modified":"2025-09-26T18:23:56","modified_gmt":"2025-09-26T18:23:56","slug":"chain-mosaic","status":"publish","type":"product","link":"https:\/\/zl.jewelry\/pl\/product\/chain-mosaic\/","title":{"rendered":"\u0141a\u0144cuch &#8222;Mozaika&#8221;"},"content":{"rendered":"<p>\u0141a\u0144cuszek &quot;Fancy&quot; w kolorze czerwonego z\u0142ota, z karabi\u0144czykiem. Waga r&oacute;\u017cni si\u0119 w zale\u017cno\u015bci od rozmiaru. Wz&oacute;r mo\u017ce zosta\u0107 zmieniony na \u017cyczenie klienta.&nbsp;<\/p>\n<p>_x000D_<\/p>\n","protected":false},"excerpt":{"rendered":"<p>\u0141a\u0144cuszek &quot;Fancy&quot; w kolorze czerwonego z\u0142ota, z karabi\u0144czykiem. Waga r&oacute;\u017cni si\u0119 w zale\u017cno\u015bci od rozmiaru. Wz&oacute;r mo\u017ce zosta\u0107 zmieniony na \u017cyczenie klienta.&nbsp; _x000D_<\/p>\n","protected":false},"featured_media":47785,"template":"","meta":{"_acf_changed":false},"product_brand":[],"product_cat":[490,495,493,494],"product_tag":[],"class_list":{"0":"post-47784","1":"product","2":"type-product","3":"status-publish","4":"has-post-thumbnail","6":"product_cat-gold-chains","7":"product_cat-gold-chains-up-to-50-gr-pl","8":"product_cat-mens-chains-pl","9":"product_cat-womens-chains-pl","11":"first","12":"instock","13":"product-type-simple"},"acf":[],"_links":{"self":[{"href":"https:\/\/zl.jewelry\/pl\/wp-json\/wp\/v2\/product\/47784","targetHints":{"allow":["GET"]}}],"collection":[{"href":"https:\/\/zl.jewelry\/pl\/wp-json\/wp\/v2\/product"}],"about":[{"href":"https:\/\/zl.jewelry\/pl\/wp-json\/wp\/v2\/types\/product"}],"wp:featuredmedia":[{"embeddable":true,"href":"https:\/\/zl.jewelry\/pl\/wp-json\/wp\/v2\/media\/47785"}],"wp:attachment":[{"href":"https:\/\/zl.jewelry\/pl\/wp-json\/wp\/v2\/media?parent=47784"}],"wp:term":[{"taxonomy":"product_brand","embeddable":true,"href":"https:\/\/zl.jewelry\/pl\/wp-json\/wp\/v2\/product_brand?post=47784"},{"taxonomy":"product_cat","embeddable":true,"href":"https:\/\/zl.jewelry\/pl\/wp-json\/wp\/v2\/product_cat?post=47784"},{"taxonomy":"product_tag","embeddable":true,"href":"https:\/\/zl.jewelry\/pl\/wp-json\/wp\/v2\/product_tag?post=47784"}],"curies":[{"name":"wp","href":"https:\/\/api.w.org\/{rel}","templated":true}]}}