{"id":47772,"date":"2025-06-18T10:53:20","date_gmt":"2025-06-18T10:53:20","guid":{"rendered":"https:\/\/zl.jewelry\/product\/rope-combination\/"},"modified":"2025-09-26T18:24:32","modified_gmt":"2025-09-26T18:24:32","slug":"rope-combination","status":"publish","type":"product","link":"https:\/\/zl.jewelry\/pl\/product\/rope-combination\/","title":{"rendered":"Lina &#8222;Po\u0142\u0105czenie&#8221;"},"content":{"rendered":"<p>Lina z czerwonymi z\u0142otymi wstawkami. Sama lina jest przeplatana w kolorze czarnym i niebieskim, wstawki &quot;Save and Preserve&quot;. Lock-box, okr\u0105g\u0142y, z jednym zamkiem&nbsp;&nbsp;&nbsp;i ko\u0144c\u00f3wkami. Wszystkie wk\u0142adki pokryte s\u0105 niello. Waga bi\u017cuterii zale\u017cy od \u015brednicy i liczby wk\u0142adek, przy \u015brednicy sznura 6 mm waga z\u0142ota w sznurze wynosi 14,86 grama. Wz\u00f3r mo\u017ce by\u0107 zmieniony zgodnie z \u017cyczeniem klienta.&nbsp;<\/p>\n","protected":false},"excerpt":{"rendered":"<p>Lina z czerwonymi z\u0142otymi wstawkami. Sama lina jest przeplatana w kolorze czarnym i niebieskim, wstawki &quot;Save and Preserve&quot;. Lock-box, okr\u0105g\u0142y, z jednym zamkiem&nbsp;&nbsp;&nbsp;i ko\u0144c\u00f3wkami. Wszystkie wk\u0142adki pokryte s\u0105 niello. Waga bi\u017cuterii zale\u017cy od \u015brednicy i liczby wk\u0142adek, przy \u015brednicy sznura 6 mm waga z\u0142ota w sznurze wynosi 14,86 grama. Wz\u00f3r mo\u017ce by\u0107 zmieniony zgodnie z&#8230;<\/p>\n","protected":false},"featured_media":47773,"template":"","meta":{"_acf_changed":false},"product_brand":[],"product_cat":[499,496],"product_tag":[],"class_list":{"0":"post-47772","1":"product","2":"type-product","3":"status-publish","4":"has-post-thumbnail","6":"product_cat-nylon-mens-pl","7":"product_cat-jewelry-laces-pl","9":"first","10":"instock","11":"product-type-simple"},"acf":[],"_links":{"self":[{"href":"https:\/\/zl.jewelry\/pl\/wp-json\/wp\/v2\/product\/47772","targetHints":{"allow":["GET"]}}],"collection":[{"href":"https:\/\/zl.jewelry\/pl\/wp-json\/wp\/v2\/product"}],"about":[{"href":"https:\/\/zl.jewelry\/pl\/wp-json\/wp\/v2\/types\/product"}],"wp:featuredmedia":[{"embeddable":true,"href":"https:\/\/zl.jewelry\/pl\/wp-json\/wp\/v2\/media\/47773"}],"wp:attachment":[{"href":"https:\/\/zl.jewelry\/pl\/wp-json\/wp\/v2\/media?parent=47772"}],"wp:term":[{"taxonomy":"product_brand","embeddable":true,"href":"https:\/\/zl.jewelry\/pl\/wp-json\/wp\/v2\/product_brand?post=47772"},{"taxonomy":"product_cat","embeddable":true,"href":"https:\/\/zl.jewelry\/pl\/wp-json\/wp\/v2\/product_cat?post=47772"},{"taxonomy":"product_tag","embeddable":true,"href":"https:\/\/zl.jewelry\/pl\/wp-json\/wp\/v2\/product_tag?post=47772"}],"curies":[{"name":"wp","href":"https:\/\/api.w.org\/{rel}","templated":true}]}}