{"id":47754,"date":"2025-06-18T10:53:20","date_gmt":"2025-06-18T10:53:20","guid":{"rendered":"https:\/\/zl.jewelry\/product\/earrings-cross\/"},"modified":"2025-09-26T18:24:30","modified_gmt":"2025-09-26T18:24:30","slug":"earrings-cross","status":"publish","type":"product","link":"https:\/\/zl.jewelry\/pl\/product\/earrings-cross\/","title":{"rendered":"Kolczyki &#8222;Krzy\u017cyki&#8221;"},"content":{"rendered":"<p>Zawieszka z czerwonego z\u0142ota o wadze 4,39 grama. Wysoko\u015b\u0107 wisiorka &#8211; krzy\u017cyka wynosi 70mm.<\/p>\n<p>_x000D_<\/p>\n","protected":false},"excerpt":{"rendered":"<p>Zawieszka z czerwonego z\u0142ota o wadze 4,39 grama. Wysoko\u015b\u0107 wisiorka &#8211; krzy\u017cyka wynosi 70mm. _x000D_<\/p>\n","protected":false},"featured_media":47755,"template":"","meta":{"_acf_changed":false},"product_brand":[],"product_cat":[538,542,545,547],"product_tag":[],"class_list":{"0":"post-47754","1":"product","2":"type-product","3":"status-publish","4":"has-post-thumbnail","6":"product_cat-gold-earrings-pl","7":"product_cat-drop-earrings-pl","8":"product_cat-earrings-up-to-5g-pl","9":"product_cat-earrings-without-inserts-pl","11":"first","12":"instock","13":"product-type-simple"},"acf":[],"_links":{"self":[{"href":"https:\/\/zl.jewelry\/pl\/wp-json\/wp\/v2\/product\/47754","targetHints":{"allow":["GET"]}}],"collection":[{"href":"https:\/\/zl.jewelry\/pl\/wp-json\/wp\/v2\/product"}],"about":[{"href":"https:\/\/zl.jewelry\/pl\/wp-json\/wp\/v2\/types\/product"}],"wp:featuredmedia":[{"embeddable":true,"href":"https:\/\/zl.jewelry\/pl\/wp-json\/wp\/v2\/media\/47755"}],"wp:attachment":[{"href":"https:\/\/zl.jewelry\/pl\/wp-json\/wp\/v2\/media?parent=47754"}],"wp:term":[{"taxonomy":"product_brand","embeddable":true,"href":"https:\/\/zl.jewelry\/pl\/wp-json\/wp\/v2\/product_brand?post=47754"},{"taxonomy":"product_cat","embeddable":true,"href":"https:\/\/zl.jewelry\/pl\/wp-json\/wp\/v2\/product_cat?post=47754"},{"taxonomy":"product_tag","embeddable":true,"href":"https:\/\/zl.jewelry\/pl\/wp-json\/wp\/v2\/product_tag?post=47754"}],"curies":[{"name":"wp","href":"https:\/\/api.w.org\/{rel}","templated":true}]}}