{"id":47738,"date":"2025-06-18T10:53:25","date_gmt":"2025-06-18T10:53:25","guid":{"rendered":"https:\/\/zl.jewelry\/product\/earrings-emerald-flower\/"},"modified":"2025-09-26T18:24:37","modified_gmt":"2025-09-26T18:24:37","slug":"earrings-emerald-flower","status":"publish","type":"product","link":"https:\/\/zl.jewelry\/pl\/product\/earrings-emerald-flower\/","title":{"rendered":"Kolczyki &#8222;Szmaragdowy kwiat&#8221;"},"content":{"rendered":"<p>Kolczyki o wadze 2,76, w kolorze czerwonego z\u0142ota. Kolczyki z zawieszkami w formie koniczynek, w \u015brodku znajduje si\u0119 wstawka z kamienia o \u015brednicy 3mm. Kamienie mog\u0105 by\u0107 osadzone w dowolny spos&oacute;b.<\/p>\n<p>_x000D_<\/p>\n","protected":false},"excerpt":{"rendered":"<p>Kolczyki o wadze 2,76, w kolorze czerwonego z\u0142ota. Kolczyki z zawieszkami w formie koniczynek, w \u015brodku znajduje si\u0119 wstawka z kamienia o \u015brednicy 3mm. Kamienie mog\u0105 by\u0107 osadzone w dowolny spos&oacute;b. _x000D_<\/p>\n","protected":false},"featured_media":47739,"template":"","meta":{"_acf_changed":false},"product_brand":[],"product_cat":[538,539,542,545,548,550],"product_tag":[],"class_list":{"0":"post-47738","1":"product","2":"type-product","3":"status-publish","4":"has-post-thumbnail","6":"product_cat-gold-earrings-pl","7":"product_cat-baby-pl","8":"product_cat-drop-earrings-pl","9":"product_cat-earrings-up-to-5g-pl","10":"product_cat-earrings-with-stones-pl","11":"product_cat-with-cubic-zirkonia-pl","13":"first","14":"instock","15":"product-type-simple"},"acf":[],"_links":{"self":[{"href":"https:\/\/zl.jewelry\/pl\/wp-json\/wp\/v2\/product\/47738","targetHints":{"allow":["GET"]}}],"collection":[{"href":"https:\/\/zl.jewelry\/pl\/wp-json\/wp\/v2\/product"}],"about":[{"href":"https:\/\/zl.jewelry\/pl\/wp-json\/wp\/v2\/types\/product"}],"wp:featuredmedia":[{"embeddable":true,"href":"https:\/\/zl.jewelry\/pl\/wp-json\/wp\/v2\/media\/47739"}],"wp:attachment":[{"href":"https:\/\/zl.jewelry\/pl\/wp-json\/wp\/v2\/media?parent=47738"}],"wp:term":[{"taxonomy":"product_brand","embeddable":true,"href":"https:\/\/zl.jewelry\/pl\/wp-json\/wp\/v2\/product_brand?post=47738"},{"taxonomy":"product_cat","embeddable":true,"href":"https:\/\/zl.jewelry\/pl\/wp-json\/wp\/v2\/product_cat?post=47738"},{"taxonomy":"product_tag","embeddable":true,"href":"https:\/\/zl.jewelry\/pl\/wp-json\/wp\/v2\/product_tag?post=47738"}],"curies":[{"name":"wp","href":"https:\/\/api.w.org\/{rel}","templated":true}]}}