{"id":47716,"date":"2025-06-18T10:53:25","date_gmt":"2025-06-18T10:53:25","guid":{"rendered":"https:\/\/zl.jewelry\/product\/pendant-dragon-2\/"},"modified":"2025-09-26T18:24:35","modified_gmt":"2025-09-26T18:24:35","slug":"pendant-dragon-2","status":"publish","type":"product","link":"https:\/\/zl.jewelry\/pl\/product\/pendant-dragon-2\/","title":{"rendered":"Wisiorek ze smokiem"},"content":{"rendered":"<p>Wisiorek smok, czerwone z\u0142oto pr\u00f3by 585*, waga 6,88 grama. Wysoko\u015b\u0107 wisiorka bez wyst\u0119pu wynosi 28 mm, z wyst\u0119pem 37 mm. Kamie\u0144 fianit chenium o \u015brednicy 2,75 mm<\/p>\n","protected":false},"excerpt":{"rendered":"<p>Wisiorek smok, czerwone z\u0142oto pr\u00f3by 585*, waga 6,88 grama. Wysoko\u015b\u0107 wisiorka bez wyst\u0119pu wynosi 28 mm, z wyst\u0119pem 37 mm. Kamie\u0144 fianit chenium o \u015brednicy 2,75 mm<\/p>\n","protected":false},"featured_media":64078,"template":"","meta":{"_acf_changed":false},"product_brand":[],"product_cat":[567,566,570,563],"product_tag":[],"class_list":{"0":"post-47716","1":"product","2":"type-product","3":"status-publish","4":"has-post-thumbnail","6":"product_cat-with-diamonds-2-pl","7":"product_cat-with-cubic-zirconia-2-pl","8":"product_cat-with-rocks-2-pl","9":"product_cat-gold-pendants-pl","11":"first","12":"instock","13":"product-type-simple"},"acf":[],"_links":{"self":[{"href":"https:\/\/zl.jewelry\/pl\/wp-json\/wp\/v2\/product\/47716","targetHints":{"allow":["GET"]}}],"collection":[{"href":"https:\/\/zl.jewelry\/pl\/wp-json\/wp\/v2\/product"}],"about":[{"href":"https:\/\/zl.jewelry\/pl\/wp-json\/wp\/v2\/types\/product"}],"wp:featuredmedia":[{"embeddable":true,"href":"https:\/\/zl.jewelry\/pl\/wp-json\/wp\/v2\/media\/64078"}],"wp:attachment":[{"href":"https:\/\/zl.jewelry\/pl\/wp-json\/wp\/v2\/media?parent=47716"}],"wp:term":[{"taxonomy":"product_brand","embeddable":true,"href":"https:\/\/zl.jewelry\/pl\/wp-json\/wp\/v2\/product_brand?post=47716"},{"taxonomy":"product_cat","embeddable":true,"href":"https:\/\/zl.jewelry\/pl\/wp-json\/wp\/v2\/product_cat?post=47716"},{"taxonomy":"product_tag","embeddable":true,"href":"https:\/\/zl.jewelry\/pl\/wp-json\/wp\/v2\/product_tag?post=47716"}],"curies":[{"name":"wp","href":"https:\/\/api.w.org\/{rel}","templated":true}]}}