{"id":47712,"date":"2025-06-18T10:53:25","date_gmt":"2025-06-18T10:53:25","guid":{"rendered":"https:\/\/zl.jewelry\/product\/bracelet-dragon\/"},"modified":"2025-09-26T18:24:35","modified_gmt":"2025-09-26T18:24:35","slug":"bracelet-dragon","status":"publish","type":"product","link":"https:\/\/zl.jewelry\/pl\/product\/bracelet-dragon\/","title":{"rendered":"Bransoletka &#8222;Smok&#8221;"},"content":{"rendered":"<p>Bransoletka z &quot;Mirror bismarck&quot;, inna nazwa &quot;Double reverse bismarck&quot; lub &quot;Ramses&quot;, w kolorze czerwonego z\u0142ota. Waga i szeroko\u015b\u0107 bransoletki zale\u017cy od jej rozmiapl. Je\u015bli d\u0142ugo\u015b\u0107 bransoletki wynosi 20 cm, waga wynosi 35,41 grama, a szeroko\u015b\u0107 oko\u0142o 1,5 &#8211; 2 cm. Pude\u0142ko zamykane na dwa zamki, na zamku wykonany grawer w postaci smoka. Na \u017cyczenie klienta istnieje mo\u017cliwo\u015b\u0107 wymiany grawerowanie.&nbsp;&nbsp;<\/p>\n<p>_x000D_<\/p>\n","protected":false},"excerpt":{"rendered":"<p>Bransoletka z &quot;Mirror bismarck&quot;, inna nazwa &quot;Double reverse bismarck&quot; lub &quot;Ramses&quot;, w kolorze czerwonego z\u0142ota. Waga i szeroko\u015b\u0107 bransoletki zale\u017cy od jej rozmiapl. Je\u015bli d\u0142ugo\u015b\u0107 bransoletki wynosi 20 cm, waga wynosi 35,41 grama, a szeroko\u015b\u0107 oko\u0142o 1,5 &#8211; 2 cm. Pude\u0142ko zamykane na dwa zamki, na zamku wykonany grawer w postaci smoka. Na \u017cyczenie klienta&#8230;<\/p>\n","protected":false},"featured_media":47713,"template":"","meta":{"_acf_changed":false},"product_brand":[],"product_cat":[557,559],"product_tag":[],"class_list":{"0":"post-47712","1":"product","2":"type-product","3":"status-publish","4":"has-post-thumbnail","6":"product_cat-bracelets-pl","7":"product_cat-gold-bracelets-from-30-gr-pl","9":"first","10":"instock","11":"product-type-simple"},"acf":[],"_links":{"self":[{"href":"https:\/\/zl.jewelry\/pl\/wp-json\/wp\/v2\/product\/47712","targetHints":{"allow":["GET"]}}],"collection":[{"href":"https:\/\/zl.jewelry\/pl\/wp-json\/wp\/v2\/product"}],"about":[{"href":"https:\/\/zl.jewelry\/pl\/wp-json\/wp\/v2\/types\/product"}],"wp:featuredmedia":[{"embeddable":true,"href":"https:\/\/zl.jewelry\/pl\/wp-json\/wp\/v2\/media\/47713"}],"wp:attachment":[{"href":"https:\/\/zl.jewelry\/pl\/wp-json\/wp\/v2\/media?parent=47712"}],"wp:term":[{"taxonomy":"product_brand","embeddable":true,"href":"https:\/\/zl.jewelry\/pl\/wp-json\/wp\/v2\/product_brand?post=47712"},{"taxonomy":"product_cat","embeddable":true,"href":"https:\/\/zl.jewelry\/pl\/wp-json\/wp\/v2\/product_cat?post=47712"},{"taxonomy":"product_tag","embeddable":true,"href":"https:\/\/zl.jewelry\/pl\/wp-json\/wp\/v2\/product_tag?post=47712"}],"curies":[{"name":"wp","href":"https:\/\/api.w.org\/{rel}","templated":true}]}}