{"id":47704,"date":"2025-06-18T10:53:25","date_gmt":"2025-06-18T10:53:25","guid":{"rendered":"https:\/\/zl.jewelry\/product\/rope-nominal\/"},"modified":"2025-09-26T18:24:34","modified_gmt":"2025-09-26T18:24:34","slug":"rope-nominal","status":"publish","type":"product","link":"https:\/\/zl.jewelry\/pl\/product\/rope-nominal\/","title":{"rendered":"Lina &#8222;Nominal&#8221;"},"content":{"rendered":"<p>\u015arednica liny 6 mm, na 4 wk\u0142adkach. Wk\u0142adki maj\u0105 imiona, daty urodzenia i nazwisko na zamku. Waga z\u0142ota w sznurze wynosi 17,85 grama.&nbsp;<\/p>\n<p>_x000D_<\/p>\n","protected":false},"excerpt":{"rendered":"<p>\u015arednica liny 6 mm, na 4 wk\u0142adkach. Wk\u0142adki maj\u0105 imiona, daty urodzenia i nazwisko na zamku. Waga z\u0142ota w sznurze wynosi 17,85 grama.&nbsp; _x000D_<\/p>\n","protected":false},"featured_media":47705,"template":"","meta":{"_acf_changed":false},"product_brand":[],"product_cat":[496,499],"product_tag":[],"class_list":{"0":"post-47704","1":"product","2":"type-product","3":"status-publish","4":"has-post-thumbnail","6":"product_cat-jewelry-laces-pl","7":"product_cat-nylon-mens-pl","9":"first","10":"instock","11":"product-type-simple"},"acf":[],"_links":{"self":[{"href":"https:\/\/zl.jewelry\/pl\/wp-json\/wp\/v2\/product\/47704","targetHints":{"allow":["GET"]}}],"collection":[{"href":"https:\/\/zl.jewelry\/pl\/wp-json\/wp\/v2\/product"}],"about":[{"href":"https:\/\/zl.jewelry\/pl\/wp-json\/wp\/v2\/types\/product"}],"wp:featuredmedia":[{"embeddable":true,"href":"https:\/\/zl.jewelry\/pl\/wp-json\/wp\/v2\/media\/47705"}],"wp:attachment":[{"href":"https:\/\/zl.jewelry\/pl\/wp-json\/wp\/v2\/media?parent=47704"}],"wp:term":[{"taxonomy":"product_brand","embeddable":true,"href":"https:\/\/zl.jewelry\/pl\/wp-json\/wp\/v2\/product_brand?post=47704"},{"taxonomy":"product_cat","embeddable":true,"href":"https:\/\/zl.jewelry\/pl\/wp-json\/wp\/v2\/product_cat?post=47704"},{"taxonomy":"product_tag","embeddable":true,"href":"https:\/\/zl.jewelry\/pl\/wp-json\/wp\/v2\/product_tag?post=47704"}],"curies":[{"name":"wp","href":"https:\/\/api.w.org\/{rel}","templated":true}]}}