{"id":47702,"date":"2025-06-18T10:53:25","date_gmt":"2025-06-18T10:53:25","guid":{"rendered":"https:\/\/zl.jewelry\/product\/pendant-fortune\/"},"modified":"2025-09-26T18:24:34","modified_gmt":"2025-09-26T18:24:34","slug":"pendant-fortune","status":"publish","type":"product","link":"https:\/\/zl.jewelry\/pl\/product\/pendant-fortune\/","title":{"rendered":"Wisiorek &#8222;Fortuna&#8221;"},"content":{"rendered":"<p>Wisiorek tarcza z czerwonego z\u0142ota pr\u00f3by 585*, waga&nbsp;38,89 grama, na hebanie, z przodu i z ty\u0142u zako\u0144czenia z\u0142ote, na uchu z przodu g\u0142owa lwa, z ty\u0142u ucha lwica. Kamienie umieszczone s\u0105 w g\u00f3rnej cz\u0119\u015bci wisiorka, kamienie: szafir &#8211; 2szt, ametyst&nbsp;&nbsp;&nbsp;5x7mm. Poni\u017cej kamieni napis&nbsp;DREAM, pod napisem szereg garnitur\u00f3w, pokrytych czerwon\u0105 i czarn\u0105 emali\u0105. Na rewersie na z\u0142otej blaszce znajduje si\u0119 znak zodiaku Lew. Na ko\u0144cu karty przedstawione s\u0105 garnitury. Wk\u0142adki z bia\u0142ego z\u0142ota s\u0105 grawerowane. Wysoko\u015b\u0107 wisiorka bez uszka 50mm, z uszkiem 63mm.<\/p>\n","protected":false},"excerpt":{"rendered":"<p>Wisiorek tarcza z czerwonego z\u0142ota pr\u00f3by 585*, waga&nbsp;38,89 grama, na hebanie, z przodu i z ty\u0142u zako\u0144czenia z\u0142ote, na uchu z przodu g\u0142owa lwa, z ty\u0142u ucha lwica. Kamienie umieszczone s\u0105 w g\u00f3rnej cz\u0119\u015bci wisiorka, kamienie: szafir &#8211; 2szt, ametyst&nbsp;&nbsp;&nbsp;5x7mm. Poni\u017cej kamieni napis&nbsp;DREAM, pod napisem szereg garnitur\u00f3w, pokrytych czerwon\u0105 i czarn\u0105 emali\u0105. Na rewersie na&#8230;<\/p>\n","protected":false},"featured_media":47703,"template":"","meta":{"_acf_changed":false},"product_brand":[],"product_cat":[563,566,570],"product_tag":[],"class_list":{"0":"post-47702","1":"product","2":"type-product","3":"status-publish","4":"has-post-thumbnail","6":"product_cat-gold-pendants-pl","7":"product_cat-with-cubic-zirconia-2-pl","8":"product_cat-with-rocks-2-pl","10":"first","11":"instock","12":"product-type-simple"},"acf":[],"_links":{"self":[{"href":"https:\/\/zl.jewelry\/pl\/wp-json\/wp\/v2\/product\/47702","targetHints":{"allow":["GET"]}}],"collection":[{"href":"https:\/\/zl.jewelry\/pl\/wp-json\/wp\/v2\/product"}],"about":[{"href":"https:\/\/zl.jewelry\/pl\/wp-json\/wp\/v2\/types\/product"}],"wp:featuredmedia":[{"embeddable":true,"href":"https:\/\/zl.jewelry\/pl\/wp-json\/wp\/v2\/media\/47703"}],"wp:attachment":[{"href":"https:\/\/zl.jewelry\/pl\/wp-json\/wp\/v2\/media?parent=47702"}],"wp:term":[{"taxonomy":"product_brand","embeddable":true,"href":"https:\/\/zl.jewelry\/pl\/wp-json\/wp\/v2\/product_brand?post=47702"},{"taxonomy":"product_cat","embeddable":true,"href":"https:\/\/zl.jewelry\/pl\/wp-json\/wp\/v2\/product_cat?post=47702"},{"taxonomy":"product_tag","embeddable":true,"href":"https:\/\/zl.jewelry\/pl\/wp-json\/wp\/v2\/product_tag?post=47702"}],"curies":[{"name":"wp","href":"https:\/\/api.w.org\/{rel}","templated":true}]}}